{"id":1009,"date":"2026-03-31T10:32:31","date_gmt":"2026-03-31T10:32:31","guid":{"rendered":"https:\/\/afloor.crearpaginaweb.cat\/colors-de-quars\/"},"modified":"2026-04-01T10:57:22","modified_gmt":"2026-04-01T10:57:22","slug":"colors-de-quars","status":"publish","type":"page","link":"https:\/\/afloor.crearpaginaweb.cat\/ca\/colors-de-quars\/","title":{"rendered":"Colors de quars"},"content":{"rendered":"<p>[et_pb_section fb_built=&#8221;1&#8243; _builder_version=&#8221;4.27.4&#8243; _module_preset=&#8221;default&#8221; custom_padding=&#8221;||0px|||&#8221; global_colors_info=&#8221;{}&#8221;][et_pb_row _builder_version=&#8221;4.27.4&#8243; _module_preset=&#8221;default&#8221; global_colors_info=&#8221;{}&#8221;][et_pb_column type=&#8221;4_4&#8243; _builder_version=&#8221;4.27.4&#8243; _module_preset=&#8221;default&#8221; global_colors_info=&#8221;{}&#8221;][et_pb_text _builder_version=&#8221;4.27.4&#8243; _module_preset=&#8221;default&#8221; global_colors_info=&#8221;{}&#8221;]<\/p>\n<h1 style=\"text-align: center;\">COLORS DE QUARS<\/h1>\n<p>[\/et_pb_text][\/et_pb_column][\/et_pb_row][\/et_pb_section][et_pb_section fb_built=&#8221;1&#8243; _builder_version=&#8221;4.27.4&#8243; _module_preset=&#8221;default&#8221; custom_padding=&#8221;6px|||||&#8221; global_colors_info=&#8221;{}&#8221;][et_pb_row _builder_version=&#8221;4.27.4&#8243; _module_preset=&#8221;default&#8221; custom_padding=&#8221;4px|||||&#8221; global_colors_info=&#8221;{}&#8221;][et_pb_column type=&#8221;4_4&#8243; _builder_version=&#8221;4.27.4&#8243; _module_preset=&#8221;default&#8221; global_colors_info=&#8221;{}&#8221;][et_pb_code _builder_version=&#8221;4.27.4&#8243; _module_preset=&#8221;default&#8221; custom_css_free_form=&#8221;.cuarzo-wrapper {||  max-width: 1200px;||  margin: auto;||  padding: 40px 20px;||  font-family: Arial, sans-serif;||}||||.cuarzo-title {||  text-align: center;||  font-size: 28px;||  margin-bottom: 20px;||}||||#cuarzoSearch {||  width: 100%;||  padding: 12px;||  margin-bottom: 30px;||  border-radius: 10px;||  border: 1px solid #ddd;||  font-size: 14px;||}||||.cuarzo-grid {||  display: grid;||  grid-template-columns: repeat(auto-fill, minmax(160px, 1fr));||  gap: 15px;||}||||.cuarzo-card {||  border-radius: 14px;||  overflow: hidden;||  background: #fff;||  cursor: pointer;||  transition: 0.3s;||}||||.cuarzo-card:hover {||  transform: translateY(-4px);||  box-shadow: 0 10px 20px rgba(0,0,0,0.1);||}||||.cuarzo-color {||  height: 120px;||  transition: 0.3s;||}||||.cuarzo-card:hover .cuarzo-color {||  transform: scale(1.05);||}||||.cuarzo-info {||  padding: 10px;||  text-align: center;||}||||.cuarzo-info h4 {||  margin: 0;||  font-size: 13px;||}||||.cuarzo-info span {||  font-size: 11px;||  color: #666;||}&#8221; global_colors_info=&#8221;{}&#8221;]<\/p>\n<div class=\"cuarzo-wrapper\"><!-- [et_pb_line_break_holder] --><!-- [et_pb_line_break_holder] -->  <input type=\"text\" id=\"cuarzoSearch\" placeholder=\"Cercar refer\u00e8ncia (ex: 33\/2011...)\"><!-- [et_pb_line_break_holder] --><!-- [et_pb_line_break_holder] -->  <\/p>\n<div id=\"cuarzoGrid\" class=\"cuarzo-grid\"><\/div>\n<p><!-- [et_pb_line_break_holder] --><\/div>\n<p>[\/et_pb_code][\/et_pb_column][\/et_pb_row][\/et_pb_section][et_pb_section fb_built=&#8221;1&#8243; _builder_version=&#8221;4.27.4&#8243; _module_preset=&#8221;default&#8221; background_enable_color=&#8221;off&#8221; background_enable_pattern_style=&#8221;on&#8221; background_pattern_style=&#8221;honeycomb&#8221; background_pattern_color=&#8221;rgba(0,0,0,0.1)&#8221; custom_padding=&#8221;58px||79px|||&#8221; locked=&#8221;off&#8221; global_colors_info=&#8221;{%22gcid-1a2a5199-ee3e-4dd9-b836-e6b8684d5672%22:%91%22background_color%22%93}&#8221;][et_pb_row _builder_version=&#8221;4.27.4&#8243; _module_preset=&#8221;default&#8221; custom_margin=&#8221;16px|auto||auto||&#8221; global_colors_info=&#8221;{}&#8221;][et_pb_column type=&#8221;4_4&#8243; _builder_version=&#8221;4.27.4&#8243; _module_preset=&#8221;default&#8221; global_colors_info=&#8221;{}&#8221;][et_pb_cta title=&#8221;NOTA&#8221; button_text=&#8221;+&#8221; _builder_version=&#8221;4.27.4&#8243; _module_preset=&#8221;default&#8221; background_color=&#8221;gcid-body-color&#8221; min_height=&#8221;168px&#8221; custom_margin=&#8221;0px||0px||false|false&#8221; custom_padding=&#8221;||0px||false|false&#8221; global_colors_info=&#8221;{%22gcid-body-color%22:%91%22background_color%22%93}&#8221;]<\/p>\n<p><span>Els colors i textures que apareixen en aquesta secci\u00f3 s&#8217;han de considerar exclusivament com una aproximaci\u00f3 visual.<\/span><br \/><span>A causa de la gran diversitat de pantalles i altres factors t\u00e8cnics no \u00e9s possible garantir una fiabilitat exacta.<\/span><\/p>\n<p>[\/et_pb_cta][\/et_pb_column][\/et_pb_row][\/et_pb_section][et_pb_section fb_built=&#8221;1&#8243; _builder_version=&#8221;4.27.4&#8243; _module_preset=&#8221;default&#8221; global_colors_info=&#8221;{}&#8221;][et_pb_row _builder_version=&#8221;4.27.4&#8243; _module_preset=&#8221;default&#8221; global_module=&#8221;318&#8243; global_colors_info=&#8221;{}&#8221;][et_pb_column type=&#8221;4_4&#8243; _builder_version=&#8221;4.27.4&#8243; _module_preset=&#8221;default&#8221; global_colors_info=&#8221;{}&#8221;][et_pb_image src=&#8221;http:\/\/afloor.crearpaginaweb.cat\/wp-content\/uploads\/2026\/03\/CONBANDERA_KITDIGITAL-scaled.png&#8221; title_text=&#8221;CONBANDERA_KITDIGITAL&#8221; align=&#8221;center&#8221; _builder_version=&#8221;4.27.4&#8243; _module_preset=&#8221;default&#8221; width=&#8221;70%&#8221; global_colors_info=&#8221;{}&#8221;][\/et_pb_image][\/et_pb_column][\/et_pb_row][\/et_pb_section]<\/p>\n","protected":false},"excerpt":{"rendered":"<p>COLORS DE QUARSEls colors i textures que apareixen en aquesta secci\u00f3 s&#8217;han de considerar exclusivament com una aproximaci\u00f3 visual.A causa de la gran diversitat de pantalles i altres factors t\u00e8cnics no \u00e9s possible garantir una fiabilitat exacta.<\/p>\n","protected":false},"author":3,"featured_media":0,"parent":0,"menu_order":0,"comment_status":"closed","ping_status":"closed","template":"","meta":{"_et_pb_use_builder":"on","_et_pb_old_content":"","_et_gb_content_width":"","footnotes":""},"class_list":["post-1009","page","type-page","status-publish","hentry"],"_links":{"self":[{"href":"https:\/\/afloor.crearpaginaweb.cat\/ca\/wp-json\/wp\/v2\/pages\/1009","targetHints":{"allow":["GET"]}}],"collection":[{"href":"https:\/\/afloor.crearpaginaweb.cat\/ca\/wp-json\/wp\/v2\/pages"}],"about":[{"href":"https:\/\/afloor.crearpaginaweb.cat\/ca\/wp-json\/wp\/v2\/types\/page"}],"author":[{"embeddable":true,"href":"https:\/\/afloor.crearpaginaweb.cat\/ca\/wp-json\/wp\/v2\/users\/3"}],"replies":[{"embeddable":true,"href":"https:\/\/afloor.crearpaginaweb.cat\/ca\/wp-json\/wp\/v2\/comments?post=1009"}],"version-history":[{"count":2,"href":"https:\/\/afloor.crearpaginaweb.cat\/ca\/wp-json\/wp\/v2\/pages\/1009\/revisions"}],"predecessor-version":[{"id":1011,"href":"https:\/\/afloor.crearpaginaweb.cat\/ca\/wp-json\/wp\/v2\/pages\/1009\/revisions\/1011"}],"wp:attachment":[{"href":"https:\/\/afloor.crearpaginaweb.cat\/ca\/wp-json\/wp\/v2\/media?parent=1009"}],"curies":[{"name":"wp","href":"https:\/\/api.w.org\/{rel}","templated":true}]}}