{"id":965,"date":"2026-03-03T08:40:06","date_gmt":"2026-03-03T08:40:06","guid":{"rendered":"https:\/\/afloor.crearpaginaweb.cat\/empresa\/"},"modified":"2026-04-01T09:28:32","modified_gmt":"2026-04-01T09:28:32","slug":"empresa","status":"publish","type":"page","link":"https:\/\/afloor.crearpaginaweb.cat\/ca\/empresa\/","title":{"rendered":"Empresa"},"content":{"rendered":"<p>[et_pb_section fb_built=&#8221;1&#8243; _builder_version=&#8221;4.27.4&#8243; _module_preset=&#8221;default&#8221; global_colors_info=&#8221;{}&#8221;][et_pb_row column_structure=&#8221;1_4,3_4&#8243; _builder_version=&#8221;4.27.4&#8243; _module_preset=&#8221;default&#8221; global_colors_info=&#8221;{}&#8221;][et_pb_column type=&#8221;1_4&#8243; _builder_version=&#8221;4.27.4&#8243; _module_preset=&#8221;default&#8221; global_colors_info=&#8221;{}&#8221;][et_pb_testimonial author=&#8221;Kearns&#8221; url=&#8221;#&#8221; quote_icon=&#8221;off&#8221; quote_icon_color=&#8221;#000000&#8243; quote_icon_background_color=&#8221;#FFFFFF&#8221; font_icon=&#8221;&#x22;||divi||400&#8243; _builder_version=&#8221;4.27.4&#8243; _module_preset=&#8221;default&#8221; body_font_size=&#8221;18px&#8221; background_enable_color=&#8221;off&#8221; text_orientation=&#8221;center&#8221; custom_margin=&#8221;74px||||false|false&#8221; custom_padding=&#8221;80px||80px||false|false&#8221; border_width_all=&#8221;1px&#8221; border_color_all=&#8221;#000000&#8243; global_colors_info=&#8221;{%22gcid-heading-color%22:%91%22background_color%22%93}&#8221;]<\/p>\n<p>\u00abLa qualitat no t\u00e9 l\u00ednia de meta\u00bb.<\/p>\n<p>[\/et_pb_testimonial][\/et_pb_column][et_pb_column type=&#8221;3_4&#8243; _builder_version=&#8221;4.27.4&#8243; _module_preset=&#8221;default&#8221; global_colors_info=&#8221;{}&#8221;][et_pb_text _builder_version=&#8221;4.27.4&#8243; _module_preset=&#8221;default&#8221; global_colors_info=&#8221;{}&#8221;]<\/p>\n<h1 style=\"text-align: left;\">EMPRESA<\/h1>\n<p>[\/et_pb_text][et_pb_text _builder_version=&#8221;4.27.4&#8243; _module_preset=&#8221;default&#8221; custom_margin=&#8221;||51px|||&#8221; global_colors_info=&#8221;{}&#8221;]<\/p>\n<p><span>A-Floor, S.L \u00e9s una empresa, especialitzada en la instal\u00b7laci\u00f3 de paviments sint\u00e8tics, tant industrials com decoratius aix\u00ed com manteniments. Posem a la vostra disposici\u00f3 l&#8217;experi\u00e8ncia, de m\u00e9s de 30 anys, del nostre departament t\u00e8cnic que us assessorar\u00e0 i aconsellar\u00e0, en tot moment, sobre les millors solucions i necessitats per a empresa o el vostre projecte. A-Floor, S.L est\u00e0 sempre a l&#8217;avantguarda dels nous productes i sistemes per poder cobrir les demandes actuals tant en decoraci\u00f3 com en ind\u00fastria.<\/span><\/p>\n<p>Els nostres sistemes abasten una \u00e0mplia gamma de materials per poder donar als nostres clients la millor soluci\u00f3 a les seves necessitats. Sempre tenint en compte laspecte t\u00e8cnic aix\u00ed com la millor soluci\u00f3 econ\u00f2mica.<\/p>\n<p>Els paviments de resina aix\u00ed com els cimentosos s\u00f3n un recurs decoratiu arribat del m\u00f3n industrial que s&#8217;ha instal\u00b7lat com una alternativa excel\u00b7lent adaptada a les tecnologies i les prestacions m\u00e9s actuals.<\/p>\n<p>El nostre personal realitza una formaci\u00f3 continuada que ens permeti estar al dia en les darreres t\u00e8cniques aix\u00ed com en el compliment de les normatives vigents.<\/p>\n<p>[\/et_pb_text][et_pb_text _builder_version=&#8221;4.27.4&#8243; _module_preset=&#8221;default&#8221; header_2_font=&#8221;||on||||||&#8221; header_2_font_size=&#8221;24px&#8221; header_2_line_height=&#8221;1.4em&#8221; header_3_font_size=&#8221;18px&#8221; global_colors_info=&#8221;{}&#8221;]<\/p>\n<h2 style=\"text-align: center;\">&#8220;El nostre comprom\u00eds \u00e9s poder oferir sempre el millor servei i la millor qualitat&#8221;<\/h2>\n<p>[\/et_pb_text][\/et_pb_column][\/et_pb_row][et_pb_row _builder_version=&#8221;4.27.4&#8243; _module_preset=&#8221;default&#8221; global_colors_info=&#8221;{}&#8221; global_module=&#8221;318&#8243; theme_builder_area=&#8221;post_content&#8221;][et_pb_column type=&#8221;4_4&#8243; _builder_version=&#8221;4.27.4&#8243; _module_preset=&#8221;default&#8221; global_colors_info=&#8221;{}&#8221; theme_builder_area=&#8221;post_content&#8221;][et_pb_image src=&#8221;http:\/\/afloor.crearpaginaweb.cat\/wp-content\/uploads\/2026\/03\/CONBANDERA_KITDIGITAL-scaled.png&#8221; title_text=&#8221;CONBANDERA_KITDIGITAL&#8221; align=&#8221;center&#8221; _builder_version=&#8221;4.27.4&#8243; _module_preset=&#8221;default&#8221; width=&#8221;70%&#8221; global_colors_info=&#8221;{}&#8221; theme_builder_area=&#8221;post_content&#8221;][\/et_pb_image][\/et_pb_column][\/et_pb_row][\/et_pb_section]<\/p>\n","protected":false},"excerpt":{"rendered":"<p>\u00abLa qualitat no t\u00e9 l\u00ednia de meta\u00bb.EMPRESAA-Floor, S.L \u00e9s una empresa, especialitzada en la instal\u00b7laci\u00f3 de paviments sint\u00e8tics, tant industrials com decoratius aix\u00ed com manteniments. Posem a la vostra disposici\u00f3 l&#8217;experi\u00e8ncia, de m\u00e9s de 30 anys, del nostre departament t\u00e8cnic que us assessorar\u00e0 i aconsellar\u00e0, en tot moment, sobre les millors solucions i necessitats per [&hellip;]<\/p>\n","protected":false},"author":3,"featured_media":0,"parent":0,"menu_order":0,"comment_status":"closed","ping_status":"closed","template":"","meta":{"_et_pb_use_builder":"on","_et_pb_old_content":"","_et_gb_content_width":"","footnotes":""},"class_list":["post-965","page","type-page","status-publish","hentry"],"_links":{"self":[{"href":"https:\/\/afloor.crearpaginaweb.cat\/ca\/wp-json\/wp\/v2\/pages\/965","targetHints":{"allow":["GET"]}}],"collection":[{"href":"https:\/\/afloor.crearpaginaweb.cat\/ca\/wp-json\/wp\/v2\/pages"}],"about":[{"href":"https:\/\/afloor.crearpaginaweb.cat\/ca\/wp-json\/wp\/v2\/types\/page"}],"author":[{"embeddable":true,"href":"https:\/\/afloor.crearpaginaweb.cat\/ca\/wp-json\/wp\/v2\/users\/3"}],"replies":[{"embeddable":true,"href":"https:\/\/afloor.crearpaginaweb.cat\/ca\/wp-json\/wp\/v2\/comments?post=965"}],"version-history":[{"count":2,"href":"https:\/\/afloor.crearpaginaweb.cat\/ca\/wp-json\/wp\/v2\/pages\/965\/revisions"}],"predecessor-version":[{"id":967,"href":"https:\/\/afloor.crearpaginaweb.cat\/ca\/wp-json\/wp\/v2\/pages\/965\/revisions\/967"}],"wp:attachment":[{"href":"https:\/\/afloor.crearpaginaweb.cat\/ca\/wp-json\/wp\/v2\/media?parent=965"}],"curies":[{"name":"wp","href":"https:\/\/api.w.org\/{rel}","templated":true}]}}