{"id":970,"date":"2026-03-03T09:47:11","date_gmt":"2026-03-03T09:47:11","guid":{"rendered":"https:\/\/afloor.crearpaginaweb.cat\/paviments-sintetics\/"},"modified":"2026-04-01T09:42:49","modified_gmt":"2026-04-01T09:42:49","slug":"paviments-sintetics","status":"publish","type":"page","link":"https:\/\/afloor.crearpaginaweb.cat\/ca\/paviments-sintetics\/","title":{"rendered":"Paviments sint\u00e8tics"},"content":{"rendered":"<p>[et_pb_section fb_built=&#8221;1&#8243; _builder_version=&#8221;4.27.4&#8243; _module_preset=&#8221;default&#8221; custom_padding=&#8221;||4px|||&#8221; global_colors_info=&#8221;{}&#8221;][et_pb_row _builder_version=&#8221;4.27.4&#8243; _module_preset=&#8221;default&#8221; global_colors_info=&#8221;{}&#8221;][et_pb_column type=&#8221;4_4&#8243; _builder_version=&#8221;4.27.4&#8243; _module_preset=&#8221;default&#8221; global_colors_info=&#8221;{}&#8221;][et_pb_text _builder_version=&#8221;4.27.4&#8243; _module_preset=&#8221;default&#8221; global_colors_info=&#8221;{}&#8221;]<\/p>\n<h1 style=\"text-align: center;\">PAVIMENTS SINT\u00c8TICS<\/h1>\n<p>[\/et_pb_text][\/et_pb_column][\/et_pb_row][et_pb_row column_structure=&#8221;1_4,3_4&#8243; _builder_version=&#8221;4.27.4&#8243; _module_preset=&#8221;default&#8221; global_colors_info=&#8221;{}&#8221;][et_pb_column type=&#8221;1_4&#8243; _builder_version=&#8221;4.27.4&#8243; _module_preset=&#8221;default&#8221; global_colors_info=&#8221;{}&#8221;][et_pb_icon font_icon=&#8221;&#xf018;||fa||900&#8243; icon_color=&#8221;#000000&#8243; _builder_version=&#8221;4.27.4&#8243; _module_preset=&#8221;default&#8221; global_colors_info=&#8221;{}&#8221;][\/et_pb_icon][\/et_pb_column][et_pb_column type=&#8221;3_4&#8243; _builder_version=&#8221;4.27.4&#8243; _module_preset=&#8221;default&#8221; global_colors_info=&#8221;{}&#8221;][et_pb_text _builder_version=&#8221;4.27.4&#8243; _module_preset=&#8221;default&#8221; hover_enabled=&#8221;0&#8243; global_colors_info=&#8221;{}&#8221; sticky_enabled=&#8221;0&#8243; custom_margin=&#8221;||19px|||&#8221;]<\/p>\n<p><span>A-Floor \u00e9s present al mercat oferint una gamma de recobriments tant en l&#8217;\u00e0mbit industrial com decoratiu.<\/span><\/p>\n<p>[\/et_pb_text][et_pb_divider _builder_version=&#8221;4.27.4&#8243; _module_preset=&#8221;default&#8221; width=&#8221;16%&#8221; color=&#8221;#000000&#8243; hover_enabled=&#8221;0&#8243; sticky_enabled=&#8221;0&#8243;][\/et_pb_divider][et_pb_text _builder_version=&#8221;4.27.4&#8243; _module_preset=&#8221;default&#8221; hover_enabled=&#8221;0&#8243; sticky_enabled=&#8221;0&#8243; custom_padding=&#8221;0px||||false|false&#8221; custom_margin=&#8221;-35px||||false|false&#8221;]<\/p>\n<p><strong>Oferim dues grans l\u00ednies:<\/strong><\/p>\n<p>[\/et_pb_text][\/et_pb_column][\/et_pb_row][\/et_pb_section][et_pb_section fb_built=&#8221;1&#8243; specialty=&#8221;on&#8221; next_background_color=&#8221;#ffffff&#8221; _builder_version=&#8221;4.27.4&#8243; _module_preset=&#8221;default&#8221; background_color=&#8221;gcid-1a2a5199-ee3e-4dd9-b836-e6b8684d5672&#8243; custom_padding=&#8221;122px||81px|||&#8221; top_divider_style=&#8221;arrow&#8221; top_divider_color=&#8221;#FFFFFF&#8221; bottom_divider_style=&#8221;arrow2&#8243; global_colors_info=&#8221;{%22gcid-1a2a5199-ee3e-4dd9-b836-e6b8684d5672%22:%91%22background_color%22%93}&#8221;][et_pb_column type=&#8221;1_3&#8243; _builder_version=&#8221;4.16&#8243; custom_padding=&#8221;|||&#8221; global_colors_info=&#8221;{}&#8221; custom_padding__hover=&#8221;|||&#8221;][et_pb_image src=&#8221;http:\/\/afloor.crearpaginaweb.cat\/wp-content\/uploads\/2026\/03\/IMG-20210422-WA0006.jpg&#8221; title_text=&#8221;IMG-20210422-WA0006&#8243; _builder_version=&#8221;4.27.4&#8243; _module_preset=&#8221;default&#8221; hover_enabled=&#8221;0&#8243; global_colors_info=&#8221;{}&#8221; url=&#8221;https:\/\/afloor.crearpaginaweb.cat\/galerias-de-imagenes\/&#8221; sticky_enabled=&#8221;0&#8243; animation_style=&#8221;fade&#8221;][\/et_pb_image][\/et_pb_column][et_pb_column type=&#8221;2_3&#8243; specialty_columns=&#8221;2&#8243; _builder_version=&#8221;4.16&#8243; custom_padding=&#8221;|||&#8221; global_colors_info=&#8221;{}&#8221; custom_padding__hover=&#8221;|||&#8221;][et_pb_row_inner _builder_version=&#8221;4.27.4&#8243; _module_preset=&#8221;default&#8221; custom_padding=&#8221;||3px|||&#8221; global_colors_info=&#8221;{}&#8221;][et_pb_column_inner saved_specialty_column_type=&#8221;2_3&#8243; _builder_version=&#8221;4.27.4&#8243; _module_preset=&#8221;default&#8221; global_colors_info=&#8221;{}&#8221;][et_pb_text _builder_version=&#8221;4.27.4&#8243; _module_preset=&#8221;default&#8221; header_2_font_size=&#8221;21px&#8221; custom_margin=&#8221;||10px||false|false&#8221; custom_padding=&#8221;||0px||false|false&#8221; border_color_left=&#8221;gcid-heading-color&#8221; locked=&#8221;off&#8221; global_colors_info=&#8221;{%22gcid-heading-color%22:%91%22border_color_left%22%93}&#8221;]<\/p>\n<h2 style=\"text-align: left;\">Paviments de Resina:<\/h2>\n<p>[\/et_pb_text][et_pb_text _builder_version=&#8221;4.27.4&#8243; _module_preset=&#8221;default&#8221; global_colors_info=&#8221;{}&#8221;]<\/p>\n<p>Al m\u00f3n de la construcci\u00f3 i el disseny industrial, triar el paviment adequat \u00e9s clau per garantir durabilitat, seguretat i est\u00e8tica. Els paviments de resina ofereixen solucions vers\u00e0tils per a tot tipus despais, combinant resist\u00e8ncia amb un acabat professional que sadapta a necessitats espec\u00edfiques. <\/p>\n<p>[\/et_pb_text][\/et_pb_column_inner][\/et_pb_row_inner][et_pb_row_inner column_structure=&#8221;1_2,1_2&#8243; _builder_version=&#8221;4.27.4&#8243; _module_preset=&#8221;default&#8221; custom_margin=&#8221;36px||0px||false|false&#8221; custom_padding=&#8221;0px||||false|false&#8221; global_colors_info=&#8221;{}&#8221;][et_pb_column_inner type=&#8221;1_2&#8243; saved_specialty_column_type=&#8221;2_3&#8243; _builder_version=&#8221;4.27.4&#8243; _module_preset=&#8221;default&#8221; global_colors_info=&#8221;{}&#8221;][et_pb_code _builder_version=&#8221;4.27.4&#8243; _module_preset=&#8221;default&#8221; hover_enabled=&#8221;0&#8243; global_colors_info=&#8221;{}&#8221; sticky_enabled=&#8221;0&#8243;]<!-- Lista con check en c\u00edrculo negro --><!-- [et_pb_line_break_holder] --><\/p>\n<ul class=\"lista-check-circulo\"><!-- [et_pb_line_break_holder] -->  <\/p>\n<li><!-- [et_pb_line_break_holder] -->    <span class=\"icono\"><!-- [et_pb_line_break_holder] -->      <svg xmlns=\"http:\/\/www.w3.org\/2000\/svg\" width=\"24\" height=\"24\" viewbox=\"0 0 24 24\"><!-- [et_pb_line_break_holder] -->        <circle cx=\"12\" cy=\"12\" r=\"12\" fill=\"black\"><\/circle><!-- [et_pb_line_break_holder] -->        <path d=\"M20.285 6.709l-11.025 11.025-5.545-5.545 1.414-1.414 4.131 4.131 9.611-9.611z\" fill=\"white\"><\/path><!-- [et_pb_line_break_holder] -->      <\/svg><!-- [et_pb_line_break_holder] -->    <\/span><!-- [et_pb_line_break_holder] --> Autoanivellants<!-- [et_pb_line_break_holder] -->  <\/li>\n<p><!-- [et_pb_line_break_holder] -->  <\/p>\n<li><!-- [et_pb_line_break_holder] -->    <span class=\"icono\"><!-- [et_pb_line_break_holder] -->      <svg xmlns=\"http:\/\/www.w3.org\/2000\/svg\" width=\"24\" height=\"24\" viewbox=\"0 0 24 24\"><!-- [et_pb_line_break_holder] -->        <circle cx=\"12\" cy=\"12\" r=\"12\" fill=\"black\"><\/circle><!-- [et_pb_line_break_holder] -->        <path d=\"M20.285 6.709l-11.025 11.025-5.545-5.545 1.414-1.414 4.131 4.131 9.611-9.611z\" fill=\"white\"><\/path><!-- [et_pb_line_break_holder] -->      <\/svg><!-- [et_pb_line_break_holder] -->    <\/span><!-- [et_pb_line_break_holder] --> Multicapes<!-- [et_pb_line_break_holder] -->  <\/li>\n<p><!-- [et_pb_line_break_holder] -->  <\/p>\n<li><!-- [et_pb_line_break_holder] -->    <span class=\"icono\"><!-- [et_pb_line_break_holder] -->      <svg xmlns=\"http:\/\/www.w3.org\/2000\/svg\" width=\"24\" height=\"24\" viewbox=\"0 0 24 24\"><!-- [et_pb_line_break_holder] -->        <circle cx=\"12\" cy=\"12\" r=\"12\" fill=\"black\"><\/circle><!-- [et_pb_line_break_holder] -->        <path d=\"M20.285 6.709l-11.025 11.025-5.545-5.545 1.414-1.414 4.131 4.131 9.611-9.611z\" fill=\"white\"><\/path><!-- [et_pb_line_break_holder] -->      <\/svg><!-- [et_pb_line_break_holder] -->    <\/span><!-- [et_pb_line_break_holder] --> Pintures<!-- [et_pb_line_break_holder] -->  <\/li>\n<p><!-- [et_pb_line_break_holder] --><\/ul>\n<p>[\/et_pb_code][\/et_pb_column_inner][et_pb_column_inner type=&#8221;1_2&#8243; saved_specialty_column_type=&#8221;2_3&#8243; _builder_version=&#8221;4.27.4&#8243; _module_preset=&#8221;default&#8221; global_colors_info=&#8221;{}&#8221;][et_pb_code _builder_version=&#8221;4.27.4&#8243; _module_preset=&#8221;default&#8221; hover_enabled=&#8221;0&#8243; global_colors_info=&#8221;{}&#8221; sticky_enabled=&#8221;0&#8243;]<!-- Lista con check en c\u00edrculo negro --><!-- [et_pb_line_break_holder] --><\/p>\n<ul class=\"lista-check-circulo\"><!-- [et_pb_line_break_holder] -->  <\/p>\n<li><!-- [et_pb_line_break_holder] -->    <span class=\"icono\"><!-- [et_pb_line_break_holder] -->      <svg xmlns=\"http:\/\/www.w3.org\/2000\/svg\" width=\"24\" height=\"24\" viewbox=\"0 0 24 24\"><!-- [et_pb_line_break_holder] -->        <circle cx=\"12\" cy=\"12\" r=\"12\" fill=\"black\"><\/circle><!-- [et_pb_line_break_holder] -->        <path d=\"M20.285 6.709l-11.025 11.025-5.545-5.545 1.414-1.414 4.131 4.131 9.611-9.611z\" fill=\"white\"><\/path><!-- [et_pb_line_break_holder] -->      <\/svg><!-- [et_pb_line_break_holder] -->    <\/span><!-- [et_pb_line_break_holder] --> Industrials<!-- [et_pb_line_break_holder] -->  <\/li>\n<p><!-- [et_pb_line_break_holder] -->  <\/p>\n<li><!-- [et_pb_line_break_holder] -->    <span class=\"icono\"><!-- [et_pb_line_break_holder] -->      <svg xmlns=\"http:\/\/www.w3.org\/2000\/svg\" width=\"24\" height=\"24\" viewbox=\"0 0 24 24\"><!-- [et_pb_line_break_holder] -->        <circle cx=\"12\" cy=\"12\" r=\"12\" fill=\"black\"><\/circle><!-- [et_pb_line_break_holder] -->        <path d=\"M20.285 6.709l-11.025 11.025-5.545-5.545 1.414-1.414 4.131 4.131 9.611-9.611z\" fill=\"white\"><\/path><!-- [et_pb_line_break_holder] -->      <\/svg><!-- [et_pb_line_break_holder] -->    <\/span><!-- [et_pb_line_break_holder] --> Antipols<!-- [et_pb_line_break_holder] -->  <\/li>\n<p><!-- [et_pb_line_break_holder] -->  <\/p>\n<li><!-- [et_pb_line_break_holder] -->    <span class=\"icono\"><!-- [et_pb_line_break_holder] -->      <svg xmlns=\"http:\/\/www.w3.org\/2000\/svg\" width=\"24\" height=\"24\" viewbox=\"0 0 24 24\"><!-- [et_pb_line_break_holder] -->        <circle cx=\"12\" cy=\"12\" r=\"12\" fill=\"black\"><\/circle><!-- [et_pb_line_break_holder] -->        <path d=\"M20.285 6.709l-11.025 11.025-5.545-5.545 1.414-1.414 4.131 4.131 9.611-9.611z\" fill=\"white\"><\/path><!-- [et_pb_line_break_holder] -->      <\/svg><!-- [et_pb_line_break_holder] -->    <\/span><!-- [et_pb_line_break_holder] --> Conductes<!-- [et_pb_line_break_holder] -->  <\/li>\n<p><!-- [et_pb_line_break_holder] -->  <\/p>\n<li><!-- [et_pb_line_break_holder] -->    <span class=\"icono\"><!-- [et_pb_line_break_holder] -->      <svg xmlns=\"http:\/\/www.w3.org\/2000\/svg\" width=\"24\" height=\"24\" viewbox=\"0 0 24 24\"><!-- [et_pb_line_break_holder] -->        <circle cx=\"12\" cy=\"12\" r=\"12\" fill=\"black\"><\/circle><!-- [et_pb_line_break_holder] -->        <path d=\"M20.285 6.709l-11.025 11.025-5.545-5.545 1.414-1.414 4.131 4.131 9.611-9.611z\" fill=\"white\"><\/path><!-- [et_pb_line_break_holder] -->      <\/svg><!-- [et_pb_line_break_holder] -->    <\/span><!-- [et_pb_line_break_holder] --> Decoratius<!-- [et_pb_line_break_holder] -->  <\/li>\n<p><!-- [et_pb_line_break_holder] --><\/ul>\n<p>[\/et_pb_code][\/et_pb_column_inner][\/et_pb_row_inner][\/et_pb_column][\/et_pb_section][et_pb_section fb_built=&#8221;1&#8243; specialty=&#8221;on&#8221; _builder_version=&#8221;4.27.4&#8243; _module_preset=&#8221;default&#8221; background_enable_color=&#8221;off&#8221; global_colors_info=&#8221;{}&#8221;][et_pb_column type=&#8221;1_3&#8243; _builder_version=&#8221;4.16&#8243; custom_padding=&#8221;|||&#8221; global_colors_info=&#8221;{}&#8221; custom_padding__hover=&#8221;|||&#8221;][et_pb_image src=&#8221;http:\/\/afloor.crearpaginaweb.cat\/wp-content\/uploads\/2026\/03\/IMG-20210209-WA0018.jpg&#8221; title_text=&#8221;IMG-20210209-WA0018&#8243; _builder_version=&#8221;4.27.4&#8243; _module_preset=&#8221;default&#8221; hover_enabled=&#8221;0&#8243; global_colors_info=&#8221;{}&#8221; url=&#8221;https:\/\/afloor.crearpaginaweb.cat\/galerias-de-imagenes\/&#8221; sticky_enabled=&#8221;0&#8243; animation_style=&#8221;fade&#8221;][\/et_pb_image][\/et_pb_column][et_pb_column type=&#8221;2_3&#8243; specialty_columns=&#8221;2&#8243; _builder_version=&#8221;4.16&#8243; custom_padding=&#8221;|||&#8221; global_colors_info=&#8221;{}&#8221; custom_padding__hover=&#8221;|||&#8221;][et_pb_row_inner _builder_version=&#8221;4.27.4&#8243; _module_preset=&#8221;default&#8221; custom_padding=&#8221;||3px|||&#8221; global_colors_info=&#8221;{}&#8221;][et_pb_column_inner saved_specialty_column_type=&#8221;2_3&#8243; _builder_version=&#8221;4.27.4&#8243; _module_preset=&#8221;default&#8221; global_colors_info=&#8221;{}&#8221;][et_pb_text _builder_version=&#8221;4.27.4&#8243; _module_preset=&#8221;default&#8221; header_2_font_size=&#8221;21px&#8221; custom_margin=&#8221;||10px||false|false&#8221; custom_padding=&#8221;||0px||false|false&#8221; border_color_left=&#8221;gcid-heading-color&#8221; locked=&#8221;off&#8221; global_colors_info=&#8221;{%22gcid-heading-color%22:%91%22border_color_left%22%93}&#8221;]<\/p>\n<h2 style=\"text-align: left;\">Paviments Cementosos:<\/h2>\n<p>[\/et_pb_text][et_pb_text _builder_version=&#8221;4.27.4&#8243; _module_preset=&#8221;default&#8221; global_colors_info=&#8221;{}&#8221;]<\/p>\n<p>Aquests sistemes estan mancats de juntes pel que ofereixen una sensaci\u00f3 de continu\u00eftat i amplitud Faciliten la neteja. Milloren les prestacions del paviment existent tant a nivell qu\u00edmic com a mec\u00e0nic. En estar segellats s\u00f3n impermeables i antipols, per la qual cosa les taques no penetren al paviment.  <\/p>\n<p>S\u00f3n fabricats \u201c<em>in situ<\/em>\u201d, totalment a mida sobre la mateixa superf\u00edcie. Es caracteritzen pel seu baix gruix, facilitant que les estructures no es recarreguin de pes. S\u00f3n segurs, ja que se&#8217;n pot ajustar la resist\u00e8ncia al lliscament segons les necessitats.  <\/p>\n<p>[\/et_pb_text][\/et_pb_column_inner][\/et_pb_row_inner][et_pb_row_inner _builder_version=&#8221;4.27.4&#8243; _module_preset=&#8221;default&#8221; custom_margin=&#8221;36px||0px||false|false&#8221; custom_padding=&#8221;0px||||false|false&#8221; global_colors_info=&#8221;{}&#8221;][et_pb_column_inner saved_specialty_column_type=&#8221;2_3&#8243; _builder_version=&#8221;4.27.4&#8243; _module_preset=&#8221;default&#8221; global_colors_info=&#8221;{}&#8221;][et_pb_code _builder_version=&#8221;4.27.4&#8243; _module_preset=&#8221;default&#8221; hover_enabled=&#8221;0&#8243; global_colors_info=&#8221;{}&#8221; sticky_enabled=&#8221;0&#8243;]<!-- Lista con check en c\u00edrculo negro --><!-- [et_pb_line_break_holder] --><\/p>\n<ul class=\"lista-check-circulo\"><!-- [et_pb_line_break_holder] -->  <\/p>\n<li><!-- [et_pb_line_break_holder] -->    <span class=\"icono\"><!-- [et_pb_line_break_holder] -->      <svg xmlns=\"http:\/\/www.w3.org\/2000\/svg\" width=\"24\" height=\"24\" viewbox=\"0 0 24 24\"><!-- [et_pb_line_break_holder] -->        <circle cx=\"12\" cy=\"12\" r=\"12\" fill=\"black\"><\/circle><!-- [et_pb_line_break_holder] -->        <path d=\"M20.285 6.709l-11.025 11.025-5.545-5.545 1.414-1.414 4.131 4.131 9.611-9.611z\" fill=\"white\"><\/path><!-- [et_pb_line_break_holder] -->      <\/svg><!-- [et_pb_line_break_holder] -->    <\/span><!-- [et_pb_line_break_holder] --> Recreguts autoanivellants<!-- [et_pb_line_break_holder] -->  <\/li>\n<p><!-- [et_pb_line_break_holder] -->  <\/p>\n<li><!-- [et_pb_line_break_holder] -->    <span class=\"icono\"><!-- [et_pb_line_break_holder] -->      <svg xmlns=\"http:\/\/www.w3.org\/2000\/svg\" width=\"24\" height=\"24\" viewbox=\"0 0 24 24\"><!-- [et_pb_line_break_holder] -->        <circle cx=\"12\" cy=\"12\" r=\"12\" fill=\"black\"><\/circle><!-- [et_pb_line_break_holder] -->        <path d=\"M20.285 6.709l-11.025 11.025-5.545-5.545 1.414-1.414 4.131 4.131 9.611-9.611z\" fill=\"white\"><\/path><!-- [et_pb_line_break_holder] -->      <\/svg><!-- [et_pb_line_break_holder] -->    <\/span><!-- [et_pb_line_break_holder] --> De morter<!-- [et_pb_line_break_holder] -->  <\/li>\n<p><!-- [et_pb_line_break_holder] -->  <\/p>\n<li><!-- [et_pb_line_break_holder] -->    <span class=\"icono\"><!-- [et_pb_line_break_holder] -->      <svg xmlns=\"http:\/\/www.w3.org\/2000\/svg\" width=\"24\" height=\"24\" viewbox=\"0 0 24 24\"><!-- [et_pb_line_break_holder] -->        <circle cx=\"12\" cy=\"12\" r=\"12\" fill=\"black\"><\/circle><!-- [et_pb_line_break_holder] -->        <path d=\"M20.285 6.709l-11.025 11.025-5.545-5.545 1.414-1.414 4.131 4.131 9.611-9.611z\" fill=\"white\"><\/path><!-- [et_pb_line_break_holder] -->      <\/svg><!-- [et_pb_line_break_holder] -->    <\/span><!-- [et_pb_line_break_holder] --> D&#8217;alta resist\u00e8ncia mec\u00e0nica<!-- [et_pb_line_break_holder] -->  <\/li>\n<p><!-- [et_pb_line_break_holder] -->  <\/p>\n<li><!-- [et_pb_line_break_holder] -->    <span class=\"icono\"><!-- [et_pb_line_break_holder] -->      <svg xmlns=\"http:\/\/www.w3.org\/2000\/svg\" width=\"24\" height=\"24\" viewbox=\"0 0 24 24\"><!-- [et_pb_line_break_holder] -->        <circle cx=\"12\" cy=\"12\" r=\"12\" fill=\"black\"><\/circle><!-- [et_pb_line_break_holder] -->        <path d=\"M20.285 6.709l-11.025 11.025-5.545-5.545 1.414-1.414 4.131 4.131 9.611-9.611z\" fill=\"white\"><\/path><!-- [et_pb_line_break_holder] -->      <\/svg><!-- [et_pb_line_break_holder] -->    <\/span><!-- [et_pb_line_break_holder] --> Decoratius<!-- [et_pb_line_break_holder] -->  <\/li>\n<p><!-- [et_pb_line_break_holder] --><\/ul>\n<p>[\/et_pb_code][\/et_pb_column_inner][\/et_pb_row_inner][\/et_pb_column][\/et_pb_section][et_pb_section fb_built=&#8221;1&#8243; _builder_version=&#8221;4.27.4&#8243; _module_preset=&#8221;default&#8221; custom_padding=&#8221;25px|||||&#8221; global_colors_info=&#8221;{}&#8221;][et_pb_row _builder_version=&#8221;4.27.4&#8243; _module_preset=&#8221;default&#8221; global_module=&#8221;318&#8243; global_colors_info=&#8221;{}&#8221;][et_pb_column type=&#8221;4_4&#8243; _builder_version=&#8221;4.27.4&#8243; _module_preset=&#8221;default&#8221; global_colors_info=&#8221;{}&#8221;][et_pb_image src=&#8221;http:\/\/afloor.crearpaginaweb.cat\/wp-content\/uploads\/2026\/03\/CONBANDERA_KITDIGITAL-scaled.png&#8221; title_text=&#8221;CONBANDERA_KITDIGITAL&#8221; align=&#8221;center&#8221; _builder_version=&#8221;4.27.4&#8243; _module_preset=&#8221;default&#8221; width=&#8221;70%&#8221; global_colors_info=&#8221;{}&#8221;][\/et_pb_image][\/et_pb_column][\/et_pb_row][\/et_pb_section]<\/p>\n","protected":false},"excerpt":{"rendered":"<p>PAVIMENTS SINT\u00c8TICSA-Floor \u00e9s present al mercat oferint una gamma de recobriments tant en l&#8217;\u00e0mbit industrial com decoratiu.Oferim dues grans l\u00ednies:Paviments de Resina:Al m\u00f3n de la construcci\u00f3 i el disseny industrial, triar el paviment adequat \u00e9s clau per garantir durabilitat, seguretat i est\u00e8tica. Els paviments de resina ofereixen solucions vers\u00e0tils per a tot tipus despais, combinant [&hellip;]<\/p>\n","protected":false},"author":3,"featured_media":0,"parent":0,"menu_order":0,"comment_status":"closed","ping_status":"closed","template":"","meta":{"_et_pb_use_builder":"on","_et_pb_old_content":"","_et_gb_content_width":"","footnotes":""},"class_list":["post-970","page","type-page","status-publish","hentry"],"_links":{"self":[{"href":"https:\/\/afloor.crearpaginaweb.cat\/ca\/wp-json\/wp\/v2\/pages\/970","targetHints":{"allow":["GET"]}}],"collection":[{"href":"https:\/\/afloor.crearpaginaweb.cat\/ca\/wp-json\/wp\/v2\/pages"}],"about":[{"href":"https:\/\/afloor.crearpaginaweb.cat\/ca\/wp-json\/wp\/v2\/types\/page"}],"author":[{"embeddable":true,"href":"https:\/\/afloor.crearpaginaweb.cat\/ca\/wp-json\/wp\/v2\/users\/3"}],"replies":[{"embeddable":true,"href":"https:\/\/afloor.crearpaginaweb.cat\/ca\/wp-json\/wp\/v2\/comments?post=970"}],"version-history":[{"count":2,"href":"https:\/\/afloor.crearpaginaweb.cat\/ca\/wp-json\/wp\/v2\/pages\/970\/revisions"}],"predecessor-version":[{"id":972,"href":"https:\/\/afloor.crearpaginaweb.cat\/ca\/wp-json\/wp\/v2\/pages\/970\/revisions\/972"}],"wp:attachment":[{"href":"https:\/\/afloor.crearpaginaweb.cat\/ca\/wp-json\/wp\/v2\/media?parent=970"}],"curies":[{"name":"wp","href":"https:\/\/api.w.org\/{rel}","templated":true}]}}