{"id":986,"date":"2026-03-03T10:33:39","date_gmt":"2026-03-03T10:33:39","guid":{"rendered":"https:\/\/afloor.crearpaginaweb.cat\/proces-del-treball-3a-fase-proces-daplicacio\/"},"modified":"2026-04-01T09:59:11","modified_gmt":"2026-04-01T09:59:11","slug":"proces-del-treball-3a-fase-proces-daplicacio","status":"publish","type":"page","link":"https:\/\/afloor.crearpaginaweb.cat\/ca\/proces-del-treball-3a-fase-proces-daplicacio\/","title":{"rendered":"Proc\u00e9s del treball, 3a fase: Proc\u00e9s d&#8217;aplicaci\u00f3"},"content":{"rendered":"<p>[et_pb_section fb_built=&#8221;1&#8243; _builder_version=&#8221;4.27.4&#8243; _module_preset=&#8221;default&#8221; global_colors_info=&#8221;{}&#8221;][et_pb_row _builder_version=&#8221;4.27.4&#8243; _module_preset=&#8221;default&#8221; global_colors_info=&#8221;{}&#8221;][et_pb_column type=&#8221;4_4&#8243; _builder_version=&#8221;4.27.4&#8243; _module_preset=&#8221;default&#8221; global_colors_info=&#8221;{}&#8221;][et_pb_text _builder_version=&#8221;4.27.4&#8243; _module_preset=&#8221;default&#8221; global_colors_info=&#8221;{}&#8221;]<\/p>\n<h1 style=\"text-align: center;\">PROC\u00c9S DEL TREBALL, 3a FASE: PROC\u00c9S D&#8217;APLICACI\u00d3<\/h1>\n<p>[\/et_pb_text][\/et_pb_column][\/et_pb_row][et_pb_row _builder_version=&#8221;4.27.4&#8243; _module_preset=&#8221;default&#8221; global_colors_info=&#8221;{}&#8221;][et_pb_column type=&#8221;4_4&#8243; _builder_version=&#8221;4.27.4&#8243; _module_preset=&#8221;default&#8221; global_colors_info=&#8221;{}&#8221;][et_pb_code _builder_version=&#8221;4.27.4&#8243; _module_preset=&#8221;default&#8221; global_colors_info=&#8221;{}&#8221;]<\/p>\n<div class=\"grid-hover grid-3\"><!-- [et_pb_line_break_holder] --><!-- [et_pb_line_break_holder] -->  <\/p>\n<div class=\"item\"><!-- [et_pb_line_break_holder] -->    <img decoding=\"async\" src=\"http:\/\/afloor.crearpaginaweb.cat\/wp-content\/uploads\/2026\/03\/preparacion-soporte.jpg\" alt=\"\"><!-- [et_pb_line_break_holder] -->    <\/p>\n<div class=\"overlay\">\n<h3>1<\/h3>\n<pee>Preparaci\u00f3 del suport<\/pee><\/div>\n<p><!-- [et_pb_line_break_holder] -->  <\/div>\n<p><!-- [et_pb_line_break_holder] --><!-- [et_pb_line_break_holder] -->  <\/p>\n<div class=\"item\"><!-- [et_pb_line_break_holder] -->    <img decoding=\"async\" src=\"http:\/\/afloor.crearpaginaweb.cat\/wp-content\/uploads\/2026\/03\/tratamiento-de-juntas.jpg\" alt=\"\"><!-- [et_pb_line_break_holder] -->    <\/p>\n<div class=\"overlay\">\n<h3>2<\/h3>\n<pee>Tractament de juntes<\/pee><\/div>\n<p><!-- [et_pb_line_break_holder] -->  <\/div>\n<p><!-- [et_pb_line_break_holder] --><!-- [et_pb_line_break_holder] -->  <\/p>\n<div class=\"item\"><!-- [et_pb_line_break_holder] -->    <img decoding=\"async\" src=\"http:\/\/afloor.crearpaginaweb.cat\/wp-content\/uploads\/2026\/03\/alisado.jpg\" alt=\"\"><!-- [et_pb_line_break_holder] -->    <\/p>\n<div class=\"overlay\">\n<h3>3<\/h3>\n<pee>Allisat<\/pee><\/div>\n<p><!-- [et_pb_line_break_holder] -->  <\/div>\n<p><!-- [et_pb_line_break_holder] --><!-- [et_pb_line_break_holder] -->  <\/p>\n<div class=\"item\"><!-- [et_pb_line_break_holder] -->    <img decoding=\"async\" src=\"http:\/\/afloor.crearpaginaweb.cat\/wp-content\/uploads\/2026\/03\/capa-de-fondo-300x300-1.jpg\" alt=\"\"><!-- [et_pb_line_break_holder] -->    <\/p>\n<div class=\"overlay\">\n<h3>4<\/h3>\n<pee>Capa de fons<\/pee><\/div>\n<p><!-- [et_pb_line_break_holder] -->  <\/div>\n<p><!-- [et_pb_line_break_holder] --><!-- [et_pb_line_break_holder] -->  <\/p>\n<div class=\"item\"><!-- [et_pb_line_break_holder] -->    <img decoding=\"async\" src=\"http:\/\/afloor.crearpaginaweb.cat\/wp-content\/uploads\/2026\/03\/arenado-300x300-1.jpg\" alt=\"\"><!-- [et_pb_line_break_holder] -->    <\/p>\n<div class=\"overlay\">\n<h3>5<\/h3>\n<pee>Arenat<\/pee><\/div>\n<p><!-- [et_pb_line_break_holder] -->  <\/div>\n<p><!-- [et_pb_line_break_holder] --><!-- [et_pb_line_break_holder] -->  <\/p>\n<div class=\"item\"><!-- [et_pb_line_break_holder] -->    <img decoding=\"async\" src=\"http:\/\/afloor.crearpaginaweb.cat\/wp-content\/uploads\/2026\/03\/barrido-300x300-1.jpg\" alt=\"\"><!-- [et_pb_line_break_holder] -->    <\/p>\n<div class=\"overlay\">\n<h3>6<\/h3>\n<pee>Escombrat<\/pee><\/div>\n<p><!-- [et_pb_line_break_holder] -->  <\/div>\n<p><!-- [et_pb_line_break_holder] --><!-- [et_pb_line_break_holder] -->  <\/p>\n<div class=\"item\"><!-- [et_pb_line_break_holder] -->    <img decoding=\"async\" src=\"http:\/\/afloor.crearpaginaweb.cat\/wp-content\/uploads\/2026\/03\/lijado1-300x300-1.jpg\" alt=\"\"><!-- [et_pb_line_break_holder] -->    <\/p>\n<div class=\"overlay\">\n<h3>7<\/h3>\n<pee>Llimat<\/pee><\/div>\n<p><!-- [et_pb_line_break_holder] -->  <\/div>\n<p><!-- [et_pb_line_break_holder] --><!-- [et_pb_line_break_holder] -->  <\/p>\n<div class=\"item\"><!-- [et_pb_line_break_holder] -->    <img decoding=\"async\" src=\"http:\/\/afloor.crearpaginaweb.cat\/wp-content\/uploads\/2026\/03\/aspirado-300x300-1.jpg\" alt=\"\"><!-- [et_pb_line_break_holder] -->    <\/p>\n<div class=\"overlay\">\n<h3>8<\/h3>\n<pee>Aspirat<\/pee><\/div>\n<p><!-- [et_pb_line_break_holder] -->  <\/div>\n<p><!-- [et_pb_line_break_holder] --><!-- [et_pb_line_break_holder] -->  <\/p>\n<div class=\"item\"><!-- [et_pb_line_break_holder] -->    <img decoding=\"async\" src=\"http:\/\/afloor.crearpaginaweb.cat\/wp-content\/uploads\/2026\/03\/sellado-300x300-1.jpg\" alt=\"\"><!-- [et_pb_line_break_holder] -->    <\/p>\n<div class=\"overlay\">\n<h3>9<\/h3>\n<pee>Segellat<\/pee><\/div>\n<p><!-- [et_pb_line_break_holder] -->  <\/div>\n<p><!-- [et_pb_line_break_holder] --><!-- [et_pb_line_break_holder] -->  <\/p>\n<div class=\"item\"><!-- [et_pb_line_break_holder] -->    <img decoding=\"async\" src=\"http:\/\/afloor.crearpaginaweb.cat\/wp-content\/uploads\/2026\/03\/doble-sellado-300x300-1.jpg\" alt=\"\"><!-- [et_pb_line_break_holder] -->    <\/p>\n<div class=\"overlay\">\n<h3>10<\/h3>\n<pee>Doble segellat<\/pee><\/div>\n<p><!-- [et_pb_line_break_holder] -->  <\/div>\n<p><!-- [et_pb_line_break_holder] --><!-- [et_pb_line_break_holder] --><\/div>\n<p>[\/et_pb_code][\/et_pb_column][\/et_pb_row][et_pb_row _builder_version=&#8221;4.27.4&#8243; _module_preset=&#8221;default&#8221; custom_margin=&#8221;60px|auto||auto||&#8221; global_colors_info=&#8221;{}&#8221;][et_pb_column type=&#8221;4_4&#8243; _builder_version=&#8221;4.27.4&#8243; _module_preset=&#8221;default&#8221; global_colors_info=&#8221;{}&#8221;][et_pb_text _builder_version=&#8221;4.27.4&#8243; _module_preset=&#8221;default&#8221; custom_margin=&#8221;||10px||false|false&#8221; global_colors_info=&#8221;{}&#8221;]<\/p>\n<h2 style=\"text-align: center;\">V\u00eddeo demostratiu<\/h2>\n<p>[\/et_pb_text][et_pb_video src=&#8221;https:\/\/youtu.be\/_svt47hME9E&#8221; _builder_version=&#8221;4.27.4&#8243; _module_preset=&#8221;default&#8221; global_colors_info=&#8221;{}&#8221;][\/et_pb_video][\/et_pb_column][\/et_pb_row][et_pb_row _builder_version=&#8221;4.27.4&#8243; _module_preset=&#8221;default&#8221; global_colors_info=&#8221;{}&#8221; global_module=&#8221;318&#8243; theme_builder_area=&#8221;post_content&#8221;][et_pb_column type=&#8221;4_4&#8243; _builder_version=&#8221;4.27.4&#8243; _module_preset=&#8221;default&#8221; global_colors_info=&#8221;{}&#8221; theme_builder_area=&#8221;post_content&#8221;][et_pb_image src=&#8221;http:\/\/afloor.crearpaginaweb.cat\/wp-content\/uploads\/2026\/03\/CONBANDERA_KITDIGITAL-scaled.png&#8221; title_text=&#8221;CONBANDERA_KITDIGITAL&#8221; align=&#8221;center&#8221; _builder_version=&#8221;4.27.4&#8243; _module_preset=&#8221;default&#8221; width=&#8221;70%&#8221; global_colors_info=&#8221;{}&#8221; theme_builder_area=&#8221;post_content&#8221;][\/et_pb_image][\/et_pb_column][\/et_pb_row][\/et_pb_section]<\/p>\n","protected":false},"excerpt":{"rendered":"<p>PROC\u00c9S DEL TREBALL, 3a FASE: PROC\u00c9S D&#8217;APLICACI\u00d3V\u00eddeo demostratiu<\/p>\n","protected":false},"author":3,"featured_media":0,"parent":0,"menu_order":0,"comment_status":"closed","ping_status":"closed","template":"","meta":{"_et_pb_use_builder":"on","_et_pb_old_content":"","_et_gb_content_width":"","footnotes":""},"class_list":["post-986","page","type-page","status-publish","hentry"],"_links":{"self":[{"href":"https:\/\/afloor.crearpaginaweb.cat\/ca\/wp-json\/wp\/v2\/pages\/986","targetHints":{"allow":["GET"]}}],"collection":[{"href":"https:\/\/afloor.crearpaginaweb.cat\/ca\/wp-json\/wp\/v2\/pages"}],"about":[{"href":"https:\/\/afloor.crearpaginaweb.cat\/ca\/wp-json\/wp\/v2\/types\/page"}],"author":[{"embeddable":true,"href":"https:\/\/afloor.crearpaginaweb.cat\/ca\/wp-json\/wp\/v2\/users\/3"}],"replies":[{"embeddable":true,"href":"https:\/\/afloor.crearpaginaweb.cat\/ca\/wp-json\/wp\/v2\/comments?post=986"}],"version-history":[{"count":2,"href":"https:\/\/afloor.crearpaginaweb.cat\/ca\/wp-json\/wp\/v2\/pages\/986\/revisions"}],"predecessor-version":[{"id":988,"href":"https:\/\/afloor.crearpaginaweb.cat\/ca\/wp-json\/wp\/v2\/pages\/986\/revisions\/988"}],"wp:attachment":[{"href":"https:\/\/afloor.crearpaginaweb.cat\/ca\/wp-json\/wp\/v2\/media?parent=986"}],"curies":[{"name":"wp","href":"https:\/\/api.w.org\/{rel}","templated":true}]}}