{"id":993,"date":"2026-03-03T10:22:48","date_gmt":"2026-03-03T10:22:48","guid":{"rendered":"https:\/\/afloor.crearpaginaweb.cat\/proces-del-treball-2a-fase-preparacio-del-suport\/"},"modified":"2026-04-01T10:10:30","modified_gmt":"2026-04-01T10:10:30","slug":"proces-del-treball-2a-fase-preparacio-del-suport","status":"publish","type":"page","link":"https:\/\/afloor.crearpaginaweb.cat\/ca\/proces-del-treball-2a-fase-preparacio-del-suport\/","title":{"rendered":"Proc\u00e9s del treball, 2a fase: Preparaci\u00f3 del suport"},"content":{"rendered":"<p>[et_pb_section fb_built=&#8221;1&#8243; _builder_version=&#8221;4.27.4&#8243; _module_preset=&#8221;default&#8221; global_colors_info=&#8221;{}&#8221;][et_pb_row _builder_version=&#8221;4.27.4&#8243; _module_preset=&#8221;default&#8221; global_colors_info=&#8221;{}&#8221;][et_pb_column type=&#8221;4_4&#8243; _builder_version=&#8221;4.27.4&#8243; _module_preset=&#8221;default&#8221; global_colors_info=&#8221;{}&#8221;][et_pb_text _builder_version=&#8221;4.27.4&#8243; _module_preset=&#8221;default&#8221; global_colors_info=&#8221;{}&#8221;]<\/p>\n<h1 style=\"text-align: center;\">PROC\u00c9S DE TREBALL, 2a FASE: PREPARACI\u00d3 DEL SUPORT<\/h1>\n<p>[\/et_pb_text][\/et_pb_column][\/et_pb_row][et_pb_row column_structure=&#8221;3_5,2_5&#8243; _builder_version=&#8221;4.27.4&#8243; _module_preset=&#8221;default&#8221; global_colors_info=&#8221;{}&#8221;][et_pb_column type=&#8221;3_5&#8243; _builder_version=&#8221;4.27.4&#8243; _module_preset=&#8221;default&#8221; global_colors_info=&#8221;{}&#8221;][et_pb_text _builder_version=&#8221;4.27.4&#8243; _module_preset=&#8221;default&#8221; global_colors_info=&#8221;{}&#8221;]<\/p>\n<p>Aquesta \u00e9s la primera acci\u00f3 que es far\u00e0 sobre el suport a tractar.<\/p>\n<p>\u00c9s de vital import\u00e0ncia que la seva execuci\u00f3 sigui impecable ja que en dependr\u00e0 la bona adher\u00e8ncia del paviment i la durabilitat del mateix. S&#8217;ha de verificar que el suport quedi net, sense contaminacions i prou por\u00f3s. <\/p>\n<p>[\/et_pb_text][\/et_pb_column][et_pb_column type=&#8221;2_5&#8243; _builder_version=&#8221;4.27.4&#8243; _module_preset=&#8221;default&#8221; global_colors_info=&#8221;{}&#8221;][et_pb_text _builder_version=&#8221;4.27.4&#8243; _module_preset=&#8221;default&#8221; header_3_line_height=&#8221;1.5em&#8221; global_colors_info=&#8221;{}&#8221;]<\/p>\n<h3>Cada paviment requerir\u00e0 una preparaci\u00f3 adequada a les condicions reals del suport i al sistema prescrit.<\/h3>\n<p>[\/et_pb_text][\/et_pb_column][\/et_pb_row][et_pb_row _builder_version=&#8221;4.27.4&#8243; _module_preset=&#8221;default&#8221; global_colors_info=&#8221;{}&#8221;][et_pb_column type=&#8221;4_4&#8243; _builder_version=&#8221;4.27.4&#8243; _module_preset=&#8221;default&#8221; global_colors_info=&#8221;{}&#8221;][et_pb_code _builder_version=&#8221;4.27.4&#8243; _module_preset=&#8221;default&#8221; global_colors_info=&#8221;{}&#8221;]<\/p>\n<div class=\"grid-hover grid-4\"><!-- [et_pb_line_break_holder] -->  <!-- [et_pb_line_break_holder] -->  <\/p>\n<div class=\"item\"><!-- [et_pb_line_break_holder] -->    <a href=\"#Lijado\" class=\"item\"><!-- [et_pb_line_break_holder] -->      <img decoding=\"async\" src=\"http:\/\/afloor.crearpaginaweb.cat\/wp-content\/uploads\/2026\/03\/lijado.jpg\" alt=\"\"><!-- [et_pb_line_break_holder] -->    <\/p>\n<div class=\"overlay\"><!-- [et_pb_line_break_holder] -->      <\/p>\n<h3>POLIT<\/h3>\n<p><!-- [et_pb_line_break_holder] -->    <\/div>\n<p><!-- [et_pb_line_break_holder] -->    <\/a><!-- [et_pb_line_break_holder] -->  <\/div>\n<p><!-- [et_pb_line_break_holder] --><!-- [et_pb_line_break_holder] -->  <\/p>\n<div class=\"item\"><!-- [et_pb_line_break_holder] -->    <a href=\"#Fresado\" class=\"item\"><!-- [et_pb_line_break_holder] -->    <img decoding=\"async\" src=\"http:\/\/afloor.crearpaginaweb.cat\/wp-content\/uploads\/2026\/03\/fresado.jpg\" alt=\"\"><!-- [et_pb_line_break_holder] -->    <\/p>\n<div class=\"overlay\"><!-- [et_pb_line_break_holder] -->      <\/p>\n<h3>FRESAT<\/h3>\n<p><!-- [et_pb_line_break_holder] -->    <\/div>\n<p><!-- [et_pb_line_break_holder] -->    <\/a><!-- [et_pb_line_break_holder] -->  <\/div>\n<p><!-- [et_pb_line_break_holder] --><!-- [et_pb_line_break_holder] -->  <\/p>\n<div class=\"item\"><!-- [et_pb_line_break_holder] -->    <a href=\"#Granallado\" class=\"item\"><!-- [et_pb_line_break_holder] -->      <img decoding=\"async\" src=\"http:\/\/afloor.crearpaginaweb.cat\/wp-content\/uploads\/2026\/03\/granallado.jpg\" alt=\"\"><!-- [et_pb_line_break_holder] -->    <\/p>\n<div class=\"overlay\"><!-- [et_pb_line_break_holder] -->      <\/p>\n<h3>GRANALLAT<\/h3>\n<p><!-- [et_pb_line_break_holder] -->    <\/div>\n<p><!-- [et_pb_line_break_holder] -->    <\/a><!-- [et_pb_line_break_holder] -->  <\/div>\n<p><!-- [et_pb_line_break_holder] --><!-- [et_pb_line_break_holder] -->  <\/p>\n<div class=\"item\"><!-- [et_pb_line_break_holder] -->    <a href=\"#Diamantado\" class=\"item\"><!-- [et_pb_line_break_holder] -->      <img decoding=\"async\" src=\"http:\/\/afloor.crearpaginaweb.cat\/wp-content\/uploads\/2026\/03\/diamantado-300x300-1.jpg\" alt=\"\"><!-- [et_pb_line_break_holder] -->    <\/p>\n<div class=\"overlay\"><!-- [et_pb_line_break_holder] -->      <\/p>\n<h3>DIAMANTADO<\/h3>\n<p><!-- [et_pb_line_break_holder] -->    <\/div>\n<p><!-- [et_pb_line_break_holder] -->    <\/a><!-- [et_pb_line_break_holder] -->  <\/div>\n<p><!-- [et_pb_line_break_holder] --><!-- [et_pb_line_break_holder] --><\/div>\n<p>[\/et_pb_code][\/et_pb_column][\/et_pb_row][et_pb_row column_structure=&#8221;1_4,3_4&#8243; disabled_on=&#8221;off|off|off&#8221; module_id=&#8221;Lijado&#8221; _builder_version=&#8221;4.27.4&#8243; _module_preset=&#8221;default&#8221; custom_margin=&#8221;52px|auto||auto||&#8221; locked=&#8221;off&#8221; global_colors_info=&#8221;{}&#8221;][et_pb_column type=&#8221;1_4&#8243; _builder_version=&#8221;4.27.4&#8243; _module_preset=&#8221;default&#8221; global_colors_info=&#8221;{}&#8221;][et_pb_icon font_icon=&#8221;&#x63;||divi||400&#8243; icon_width=&#8221;40px&#8221; align=&#8221;right&#8221; _builder_version=&#8221;4.27.4&#8243; _module_preset=&#8221;default&#8221; global_colors_info=&#8221;{}&#8221;][\/et_pb_icon][\/et_pb_column][et_pb_column type=&#8221;3_4&#8243; _builder_version=&#8221;4.27.4&#8243; _module_preset=&#8221;default&#8221; global_colors_info=&#8221;{}&#8221;][et_pb_text _builder_version=&#8221;4.27.4&#8243; _module_preset=&#8221;default&#8221; header_2_font_size=&#8221;21px&#8221; custom_margin=&#8221;||10px||false|false&#8221; custom_padding=&#8221;||0px||false|false&#8221; border_color_left=&#8221;gcid-2bb5b764-4aca-42b0-8d23-994de31a51e6&#8243; locked=&#8221;off&#8221; global_colors_info=&#8221;{%22gcid-2bb5b764-4aca-42b0-8d23-994de31a51e6%22:%91%22border_color_left%22%93}&#8221;]<\/p>\n<h2 style=\"text-align: left;\">POLIT<\/h2>\n<p>[\/et_pb_text][et_pb_text _builder_version=&#8221;4.27.4&#8243; _module_preset=&#8221;default&#8221; global_colors_info=&#8221;{}&#8221;]<\/p>\n<p style=\"text-align: left;\">Tractament mec\u00e0nic mitjan\u00e7ant una m\u00e0quina rotativa de poc pes amb disc de Carburo de silici que per abrasi\u00f3 ratlla el suport.<\/p>\n<p style=\"text-align: left;\">Agressi\u00f3 molt lleugera que incideix molt poc en el suport deixant una preparaci\u00f3 molt prec\u00e0ria.<\/p>\n<p style=\"text-align: left;\"><strong>SISTEMES RECOMANATS.<\/strong> Impregnacions i pintats.<\/p>\n<p style=\"text-align: left;\"><strong>SUPORTS RECOMANATS.<\/strong> Formig\u00f3 i resines<\/p>\n<p>[\/et_pb_text][\/et_pb_column][\/et_pb_row][et_pb_row column_structure=&#8221;1_4,3_4&#8243; disabled_on=&#8221;off|off|off&#8221; module_id=&#8221;Fresado&#8221; _builder_version=&#8221;4.27.4&#8243; _module_preset=&#8221;default&#8221; locked=&#8221;off&#8221; global_colors_info=&#8221;{}&#8221;][et_pb_column type=&#8221;1_4&#8243; _builder_version=&#8221;4.27.4&#8243; _module_preset=&#8221;default&#8221; global_colors_info=&#8221;{}&#8221;][et_pb_icon font_icon=&#8221;&#x63;||divi||400&#8243; icon_width=&#8221;40px&#8221; align=&#8221;right&#8221; _builder_version=&#8221;4.27.4&#8243; _module_preset=&#8221;default&#8221; global_colors_info=&#8221;{}&#8221;][\/et_pb_icon][\/et_pb_column][et_pb_column type=&#8221;3_4&#8243; _builder_version=&#8221;4.27.4&#8243; _module_preset=&#8221;default&#8221; global_colors_info=&#8221;{}&#8221;][et_pb_text _builder_version=&#8221;4.27.4&#8243; _module_preset=&#8221;default&#8221; header_2_font_size=&#8221;21px&#8221; custom_margin=&#8221;||10px||false|false&#8221; custom_padding=&#8221;||0px||false|false&#8221; border_color_left=&#8221;gcid-2bb5b764-4aca-42b0-8d23-994de31a51e6&#8243; locked=&#8221;off&#8221; global_colors_info=&#8221;{%22gcid-2bb5b764-4aca-42b0-8d23-994de31a51e6%22:%91%22border_color_left%22%93}&#8221;]<\/p>\n<h2 style=\"text-align: left;\">FRESAT<\/h2>\n<p>[\/et_pb_text][et_pb_text _builder_version=&#8221;4.27.4&#8243; _module_preset=&#8221;default&#8221; global_colors_info=&#8221;{}&#8221;]<\/p>\n<p style=\"text-align: left;\">Tractament mec\u00e0nic que mitjan\u00e7ant un tambor ple de maduixes, amb cap de tungst\u00e8, repica en el suport ferint-lo i eliminant zones que estan poc adherides, deixant un suport amb molta porositat.<\/p>\n<p style=\"text-align: left;\"><strong>SISTEMES RECOMANATS.<\/strong> Tots excepte impregnacions i pintats.<\/p>\n<p style=\"text-align: left;\"><strong>SUPORTS RECOMANATS.<\/strong> En tota mena excepte gres, alguns terratzos i cer\u00e0mics fr\u00e0gils.<\/p>\n<p>[\/et_pb_text][\/et_pb_column][\/et_pb_row][et_pb_row column_structure=&#8221;1_4,3_4&#8243; disabled_on=&#8221;off|off|off&#8221; module_id=&#8221;Granallado&#8221; _builder_version=&#8221;4.27.4&#8243; _module_preset=&#8221;default&#8221; locked=&#8221;off&#8221; global_colors_info=&#8221;{}&#8221;][et_pb_column type=&#8221;1_4&#8243; _builder_version=&#8221;4.27.4&#8243; _module_preset=&#8221;default&#8221; global_colors_info=&#8221;{}&#8221;][et_pb_icon font_icon=&#8221;&#x63;||divi||400&#8243; icon_width=&#8221;40px&#8221; align=&#8221;right&#8221; _builder_version=&#8221;4.27.4&#8243; _module_preset=&#8221;default&#8221; global_colors_info=&#8221;{}&#8221;][\/et_pb_icon][\/et_pb_column][et_pb_column type=&#8221;3_4&#8243; _builder_version=&#8221;4.27.4&#8243; _module_preset=&#8221;default&#8221; global_colors_info=&#8221;{}&#8221;][et_pb_text _builder_version=&#8221;4.27.4&#8243; _module_preset=&#8221;default&#8221; header_2_font_size=&#8221;21px&#8221; custom_margin=&#8221;||10px||false|false&#8221; custom_padding=&#8221;||0px||false|false&#8221; border_color_left=&#8221;gcid-2bb5b764-4aca-42b0-8d23-994de31a51e6&#8243; locked=&#8221;off&#8221; global_colors_info=&#8221;{%22gcid-2bb5b764-4aca-42b0-8d23-994de31a51e6%22:%91%22border_color_left%22%93}&#8221;]<\/p>\n<h2 style=\"text-align: left;\">GRANALLAT<\/h2>\n<p>[\/et_pb_text][et_pb_text _builder_version=&#8221;4.27.4&#8243; _module_preset=&#8221;default&#8221; global_colors_info=&#8221;{}&#8221;]<\/p>\n<p style=\"text-align: left;\">Tractament mec\u00e0nic que mitjan\u00e7ant granalla met\u00e0l\u00b7lica realitza un buixardat a la superf\u00edcie deixant-la amb molta porositat i ferint poc el suport.<\/p>\n<p style=\"text-align: left;\"><strong>SISTEMES RECOMANATS.<\/strong> Tot tipus de sistemes excepte els d&#8217;alta Retracci\u00f3 (exemple metacrilats)<\/p>\n<p style=\"text-align: left;\"><strong>SUPORTS RECOMANATS.<\/strong> Tot tipus de suports.<\/p>\n<p>[\/et_pb_text][\/et_pb_column][\/et_pb_row][et_pb_row column_structure=&#8221;1_4,3_4&#8243; disabled_on=&#8221;off|off|off&#8221; module_id=&#8221;Diamantado&#8221; _builder_version=&#8221;4.27.4&#8243; _module_preset=&#8221;default&#8221; locked=&#8221;off&#8221; global_colors_info=&#8221;{}&#8221; custom_padding=&#8221;||51px|||&#8221;][et_pb_column type=&#8221;1_4&#8243; _builder_version=&#8221;4.27.4&#8243; _module_preset=&#8221;default&#8221; global_colors_info=&#8221;{}&#8221;][et_pb_icon font_icon=&#8221;&#x63;||divi||400&#8243; icon_width=&#8221;40px&#8221; align=&#8221;right&#8221; _builder_version=&#8221;4.27.4&#8243; _module_preset=&#8221;default&#8221; global_colors_info=&#8221;{}&#8221;][\/et_pb_icon][\/et_pb_column][et_pb_column type=&#8221;3_4&#8243; _builder_version=&#8221;4.27.4&#8243; _module_preset=&#8221;default&#8221; global_colors_info=&#8221;{}&#8221;][et_pb_text _builder_version=&#8221;4.27.4&#8243; _module_preset=&#8221;default&#8221; header_2_font_size=&#8221;21px&#8221; custom_margin=&#8221;||10px||false|false&#8221; custom_padding=&#8221;||0px||false|false&#8221; border_color_left=&#8221;gcid-2bb5b764-4aca-42b0-8d23-994de31a51e6&#8243; locked=&#8221;off&#8221; global_colors_info=&#8221;{%22gcid-2bb5b764-4aca-42b0-8d23-994de31a51e6%22:%91%22border_color_left%22%93}&#8221;]<\/p>\n<h2 style=\"text-align: left;\">DIAMANTAT<\/h2>\n<p>[\/et_pb_text][et_pb_text _builder_version=&#8221;4.27.4&#8243; _module_preset=&#8221;default&#8221; global_colors_info=&#8221;{}&#8221;]<\/p>\n<p style=\"text-align: left;\">Tractament mec\u00e0nic mitjan\u00e7ant una m\u00e0quina rotativa de pes considerable amb plats independents que porten encastats uns jocs de pastilles de diamant i que per fricci\u00f3 erosionen el suport.<\/p>\n<p style=\"text-align: left;\">\u00c9s un tractament molt adequat per a suports en qu\u00e8 no es recomana vibracions o impactes que puguin perjudicar-lo, com ara el terratzo, ja que un exc\u00e9s de vibraci\u00f3 o impactes podria acabar desenganxant-lo del suport.<\/p>\n<p style=\"text-align: left;\"><strong>SISTEMES RECOMANATS.<\/strong> Tot tipus en general sempre que no utilitzem sistemes amb molta retracci\u00f3 (exemple metacrilats)<\/p>\n<p style=\"text-align: left;\"><strong>SUPORTS RECOMANATS.<\/strong> Formig\u00f3, terratzo i gres.<\/p>\n<p>[\/et_pb_text][\/et_pb_column][\/et_pb_row][et_pb_row _builder_version=&#8221;4.27.4&#8243; _module_preset=&#8221;default&#8221; global_colors_info=&#8221;{}&#8221; global_module=&#8221;318&#8243; theme_builder_area=&#8221;post_content&#8221;][et_pb_column type=&#8221;4_4&#8243; _builder_version=&#8221;4.27.4&#8243; _module_preset=&#8221;default&#8221; global_colors_info=&#8221;{}&#8221; theme_builder_area=&#8221;post_content&#8221;][et_pb_image src=&#8221;http:\/\/afloor.crearpaginaweb.cat\/wp-content\/uploads\/2026\/03\/CONBANDERA_KITDIGITAL-scaled.png&#8221; title_text=&#8221;CONBANDERA_KITDIGITAL&#8221; align=&#8221;center&#8221; _builder_version=&#8221;4.27.4&#8243; _module_preset=&#8221;default&#8221; width=&#8221;70%&#8221; global_colors_info=&#8221;{}&#8221; theme_builder_area=&#8221;post_content&#8221;][\/et_pb_image][\/et_pb_column][\/et_pb_row][\/et_pb_section]<\/p>\n","protected":false},"excerpt":{"rendered":"<p>PROC\u00c9S DE TREBALL, 2a FASE: PREPARACI\u00d3 DEL SUPORTAquesta \u00e9s la primera acci\u00f3 que es far\u00e0 sobre el suport a tractar. \u00c9s de vital import\u00e0ncia que la seva execuci\u00f3 sigui impecable ja que en dependr\u00e0 la bona adher\u00e8ncia del paviment i la durabilitat del mateix. S&#8217;ha de verificar que el suport quedi net, sense contaminacions i [&hellip;]<\/p>\n","protected":false},"author":3,"featured_media":0,"parent":0,"menu_order":0,"comment_status":"closed","ping_status":"closed","template":"","meta":{"_et_pb_use_builder":"on","_et_pb_old_content":"","_et_gb_content_width":"","footnotes":""},"class_list":["post-993","page","type-page","status-publish","hentry"],"_links":{"self":[{"href":"https:\/\/afloor.crearpaginaweb.cat\/ca\/wp-json\/wp\/v2\/pages\/993","targetHints":{"allow":["GET"]}}],"collection":[{"href":"https:\/\/afloor.crearpaginaweb.cat\/ca\/wp-json\/wp\/v2\/pages"}],"about":[{"href":"https:\/\/afloor.crearpaginaweb.cat\/ca\/wp-json\/wp\/v2\/types\/page"}],"author":[{"embeddable":true,"href":"https:\/\/afloor.crearpaginaweb.cat\/ca\/wp-json\/wp\/v2\/users\/3"}],"replies":[{"embeddable":true,"href":"https:\/\/afloor.crearpaginaweb.cat\/ca\/wp-json\/wp\/v2\/comments?post=993"}],"version-history":[{"count":2,"href":"https:\/\/afloor.crearpaginaweb.cat\/ca\/wp-json\/wp\/v2\/pages\/993\/revisions"}],"predecessor-version":[{"id":995,"href":"https:\/\/afloor.crearpaginaweb.cat\/ca\/wp-json\/wp\/v2\/pages\/993\/revisions\/995"}],"wp:attachment":[{"href":"https:\/\/afloor.crearpaginaweb.cat\/ca\/wp-json\/wp\/v2\/media?parent=993"}],"curies":[{"name":"wp","href":"https:\/\/api.w.org\/{rel}","templated":true}]}}