{"id":997,"date":"2026-03-03T10:05:44","date_gmt":"2026-03-03T10:05:44","guid":{"rendered":"https:\/\/afloor.crearpaginaweb.cat\/proces-de-treball-1a-fase-prescripcio-i-productes\/"},"modified":"2026-04-01T10:26:15","modified_gmt":"2026-04-01T10:26:15","slug":"proces-de-treball-1a-fase-prescripcio-i-productes","status":"publish","type":"page","link":"https:\/\/afloor.crearpaginaweb.cat\/ca\/proces-de-treball-1a-fase-prescripcio-i-productes\/","title":{"rendered":"Proc\u00e9s de treball, 1a fase: Prescripci\u00f3 i productes"},"content":{"rendered":"<p>[et_pb_section fb_built=&#8221;1&#8243; _builder_version=&#8221;4.27.4&#8243; _module_preset=&#8221;default&#8221; global_colors_info=&#8221;{}&#8221; custom_padding=&#8221;||0px|||&#8221;][et_pb_row _builder_version=&#8221;4.27.4&#8243; _module_preset=&#8221;default&#8221; global_colors_info=&#8221;{}&#8221;][et_pb_column type=&#8221;4_4&#8243; _builder_version=&#8221;4.27.4&#8243; _module_preset=&#8221;default&#8221; global_colors_info=&#8221;{}&#8221;][et_pb_text _builder_version=&#8221;4.27.4&#8243; _module_preset=&#8221;default&#8221; global_colors_info=&#8221;{}&#8221;]<\/p>\n<h1 style=\"text-align: center;\">PROC\u00c9S DE TREBALL, 1a FASE: PRESCRIPCI\u00d3 I PRODUCTES<\/h1>\n<p>[\/et_pb_text][\/et_pb_column][\/et_pb_row][\/et_pb_section][et_pb_section fb_built=&#8221;1&#8243; theme_builder_area=&#8221;post_content&#8221; specialty=&#8221;on&#8221; _builder_version=&#8221;4.27.4&#8243; _module_preset=&#8221;default&#8221; top_divider_style=&#8221;arrow&#8221; top_divider_color=&#8221;#FFFFFF&#8221; hover_enabled=&#8221;0&#8243; sticky_enabled=&#8221;0&#8243; global_colors_info=&#8221;{%22gcid-1a2a5199-ee3e-4dd9-b836-e6b8684d5672%22:%91%22background_color%22%93}&#8221; background_color=&#8221;gcid-1a2a5199-ee3e-4dd9-b836-e6b8684d5672&#8243; custom_padding=&#8221;142px||0px|||&#8221; custom_margin=&#8221;-35px|||||&#8221;][et_pb_column type=&#8221;1_3&#8243; theme_builder_area=&#8221;post_content&#8221;][et_pb_image src=&#8221;http:\/\/afloor.crearpaginaweb.cat\/wp-content\/uploads\/2026\/03\/3afoto.jpg&#8221; _builder_version=&#8221;4.27.4&#8243; _module_preset=&#8221;default&#8221; theme_builder_area=&#8221;post_content&#8221; hover_enabled=&#8221;0&#8243; sticky_enabled=&#8221;0&#8243; title_text=&#8221;3afoto&#8221;][\/et_pb_image][\/et_pb_column][et_pb_column type=&#8221;2_3&#8243; specialty_columns=&#8221;2&#8243; theme_builder_area=&#8221;post_content&#8221;][et_pb_row_inner _builder_version=&#8221;4.27.4&#8243; _module_preset=&#8221;default&#8221; theme_builder_area=&#8221;post_content&#8221; custom_margin=&#8221;0px||0px||false|false&#8221; custom_padding=&#8221;||0px||false|false&#8221; hover_enabled=&#8221;0&#8243; sticky_enabled=&#8221;0&#8243;][et_pb_column_inner saved_specialty_column_type=&#8221;2_3&#8243; _builder_version=&#8221;4.27.4&#8243; _module_preset=&#8221;default&#8221; theme_builder_area=&#8221;post_content&#8221;][et_pb_text _builder_version=&#8221;4.27.4&#8243; _module_preset=&#8221;default&#8221; theme_builder_area=&#8221;post_content&#8221; hover_enabled=&#8221;0&#8243; sticky_enabled=&#8221;0&#8243;]<\/p>\n<p>L&#8217;\u00e8xit d&#8217;un paviment vindr\u00e0 determinat per una prescripci\u00f3 correcta del material i el sistema a aplicar.<\/p>\n<p><strong>El nostre equip t\u00e8cnic tindr\u00e0 en compte:<\/strong><\/p>\n<p>[\/et_pb_text][\/et_pb_column_inner][\/et_pb_row_inner][et_pb_row_inner column_structure=&#8221;1_2,1_2&#8243; _builder_version=&#8221;4.27.4&#8243; _module_preset=&#8221;default&#8221; custom_margin=&#8221;36px||0px||false|false&#8221; custom_padding=&#8221;0px||0px||false|false&#8221; hover_enabled=&#8221;0&#8243; global_colors_info=&#8221;{}&#8221; locked=&#8221;off&#8221; theme_builder_area=&#8221;post_content&#8221; sticky_enabled=&#8221;0&#8243;][et_pb_column_inner type=&#8221;1_2&#8243; saved_specialty_column_type=&#8221;2_3&#8243; _builder_version=&#8221;4.27.4&#8243; _module_preset=&#8221;default&#8221; global_colors_info=&#8221;{}&#8221; theme_builder_area=&#8221;post_content&#8221;][et_pb_code _builder_version=&#8221;4.27.4&#8243; _module_preset=&#8221;default&#8221; hover_enabled=&#8221;0&#8243; global_colors_info=&#8221;{}&#8221; theme_builder_area=&#8221;post_content&#8221; sticky_enabled=&#8221;0&#8243;]<!-- Lista con check en c\u00edrculo negro --><!-- [et_pb_line_break_holder] --><\/p>\n<ul class=\"lista-check-circulo\"><!-- [et_pb_line_break_holder] -->  <\/p>\n<li><!-- [et_pb_line_break_holder] -->    <span class=\"icono\"><!-- [et_pb_line_break_holder] -->      <svg xmlns=\"http:\/\/www.w3.org\/2000\/svg\" width=\"24\" height=\"24\" viewbox=\"0 0 24 24\"><!-- [et_pb_line_break_holder] -->        <circle cx=\"12\" cy=\"12\" r=\"12\" fill=\"black\"><\/circle><!-- [et_pb_line_break_holder] -->        <path d=\"M20.285 6.709l-11.025 11.025-5.545-5.545 1.414-1.414 4.131 4.131 9.611-9.611z\" fill=\"white\"><\/path><!-- [et_pb_line_break_holder] -->      <\/svg><!-- [et_pb_line_break_holder] -->    <\/span><!-- [et_pb_line_break_holder] --> Totes les variables<!-- [et_pb_line_break_holder] -->  <\/li>\n<p><!-- [et_pb_line_break_holder] -->  <\/p>\n<li><!-- [et_pb_line_break_holder] -->    <span class=\"icono\"><!-- [et_pb_line_break_holder] -->      <svg xmlns=\"http:\/\/www.w3.org\/2000\/svg\" width=\"24\" height=\"24\" viewbox=\"0 0 24 24\"><!-- [et_pb_line_break_holder] -->        <circle cx=\"12\" cy=\"12\" r=\"12\" fill=\"black\"><\/circle><!-- [et_pb_line_break_holder] -->        <path d=\"M20.285 6.709l-11.025 11.025-5.545-5.545 1.414-1.414 4.131 4.131 9.611-9.611z\" fill=\"white\"><\/path><!-- [et_pb_line_break_holder] -->      <\/svg><!-- [et_pb_line_break_holder] -->    <\/span><!-- [et_pb_line_break_holder] --> Tipus i estat del suport<!-- [et_pb_line_break_holder] -->  <\/li>\n<p><!-- [et_pb_line_break_holder] -->  <\/p>\n<li><!-- [et_pb_line_break_holder] -->    <span class=\"icono\"><!-- [et_pb_line_break_holder] -->      <svg xmlns=\"http:\/\/www.w3.org\/2000\/svg\" width=\"24\" height=\"24\" viewbox=\"0 0 24 24\"><!-- [et_pb_line_break_holder] -->        <circle cx=\"12\" cy=\"12\" r=\"12\" fill=\"black\"><\/circle><!-- [et_pb_line_break_holder] -->        <path d=\"M20.285 6.709l-11.025 11.025-5.545-5.545 1.414-1.414 4.131 4.131 9.611-9.611z\" fill=\"white\"><\/path><!-- [et_pb_line_break_holder] -->      <\/svg><!-- [et_pb_line_break_holder] -->    <\/span><!-- [et_pb_line_break_holder] --> Grau de contaminaci\u00f3<!-- [et_pb_line_break_holder] -->  <\/li>\n<p><!-- [et_pb_line_break_holder] --><\/ul>\n<p>[\/et_pb_code][\/et_pb_column_inner][et_pb_column_inner type=&#8221;1_2&#8243; saved_specialty_column_type=&#8221;2_3&#8243; _builder_version=&#8221;4.27.4&#8243; _module_preset=&#8221;default&#8221; global_colors_info=&#8221;{}&#8221; theme_builder_area=&#8221;post_content&#8221;][et_pb_code _builder_version=&#8221;4.27.4&#8243; _module_preset=&#8221;default&#8221; hover_enabled=&#8221;0&#8243; global_colors_info=&#8221;{}&#8221; theme_builder_area=&#8221;post_content&#8221; sticky_enabled=&#8221;0&#8243;]<!-- Lista con check en c\u00edrculo negro --><!-- [et_pb_line_break_holder] --><\/p>\n<ul class=\"lista-check-circulo\"><!-- [et_pb_line_break_holder] -->  <\/p>\n<li><!-- [et_pb_line_break_holder] -->    <span class=\"icono\"><!-- [et_pb_line_break_holder] -->      <svg xmlns=\"http:\/\/www.w3.org\/2000\/svg\" width=\"24\" height=\"24\" viewbox=\"0 0 24 24\"><!-- [et_pb_line_break_holder] -->        <circle cx=\"12\" cy=\"12\" r=\"12\" fill=\"black\"><\/circle><!-- [et_pb_line_break_holder] -->        <path d=\"M20.285 6.709l-11.025 11.025-5.545-5.545 1.414-1.414 4.131 4.131 9.611-9.611z\" fill=\"white\"><\/path><!-- [et_pb_line_break_holder] -->      <\/svg><!-- [et_pb_line_break_holder] -->    <\/span><!-- [et_pb_line_break_holder] --> Activitat de l&#8217;empresa<!-- [et_pb_line_break_holder] -->  <\/li>\n<p><!-- [et_pb_line_break_holder] -->  <\/p>\n<li><!-- [et_pb_line_break_holder] -->    <span class=\"icono\"><!-- [et_pb_line_break_holder] -->      <svg xmlns=\"http:\/\/www.w3.org\/2000\/svg\" width=\"24\" height=\"24\" viewbox=\"0 0 24 24\"><!-- [et_pb_line_break_holder] -->        <circle cx=\"12\" cy=\"12\" r=\"12\" fill=\"black\"><\/circle><!-- [et_pb_line_break_holder] -->        <path d=\"M20.285 6.709l-11.025 11.025-5.545-5.545 1.414-1.414 4.131 4.131 9.611-9.611z\" fill=\"white\"><\/path><!-- [et_pb_line_break_holder] -->      <\/svg><!-- [et_pb_line_break_holder] -->    <\/span><!-- [et_pb_line_break_holder] --> Tipus d&#8217;acabat que es vol obtenir<!-- [et_pb_line_break_holder] -->  <\/li>\n<p><!-- [et_pb_line_break_holder] -->  <\/p>\n<li><!-- [et_pb_line_break_holder] -->    <span class=\"icono\"><!-- [et_pb_line_break_holder] -->      <svg xmlns=\"http:\/\/www.w3.org\/2000\/svg\" width=\"24\" height=\"24\" viewbox=\"0 0 24 24\"><!-- [et_pb_line_break_holder] -->        <circle cx=\"12\" cy=\"12\" r=\"12\" fill=\"black\"><\/circle><!-- [et_pb_line_break_holder] -->        <path d=\"M20.285 6.709l-11.025 11.025-5.545-5.545 1.414-1.414 4.131 4.131 9.611-9.611z\" fill=\"white\"><\/path><!-- [et_pb_line_break_holder] -->      <\/svg><!-- [et_pb_line_break_holder] -->    <\/span><!-- [et_pb_line_break_holder] --> Planimetria<!-- [et_pb_line_break_holder] -->  <\/li>\n<p><!-- [et_pb_line_break_holder] --><\/ul>\n<p>[\/et_pb_code][\/et_pb_column_inner][\/et_pb_row_inner][et_pb_row_inner _builder_version=&#8221;4.27.4&#8243; _module_preset=&#8221;default&#8221; theme_builder_area=&#8221;post_content&#8221; custom_margin=&#8221;0px||0px||false|false&#8221; custom_padding=&#8221;0px||0px||false|false&#8221; hover_enabled=&#8221;0&#8243; sticky_enabled=&#8221;0&#8243;][et_pb_column_inner saved_specialty_column_type=&#8221;2_3&#8243; _builder_version=&#8221;4.27.4&#8243; _module_preset=&#8221;default&#8221; theme_builder_area=&#8221;post_content&#8221;][et_pb_text _builder_version=&#8221;4.27.4&#8243; _module_preset=&#8221;default&#8221; custom_margin=&#8221;||10px|||&#8221; hover_enabled=&#8221;0&#8243; global_colors_info=&#8221;{}&#8221; sticky_enabled=&#8221;0&#8243; theme_builder_area=&#8221;post_content&#8221;]<\/p>\n<p>Que juntament amb una bona t\u00e8cnica d&#8217;aplicaci\u00f3, un bon control a l&#8217;obra i l&#8217;\u00fas dels materials adequats ens asseguressin un resultat \u00f2ptim.<\/p>\n<p>[\/et_pb_text][\/et_pb_column_inner][\/et_pb_row_inner][\/et_pb_column][\/et_pb_section][et_pb_section fb_built=&#8221;1&#8243; theme_builder_area=&#8221;post_content&#8221; specialty=&#8221;on&#8221; _builder_version=&#8221;4.27.4&#8243; _module_preset=&#8221;default&#8221; top_divider_style=&#8221;arrow&#8221; global_colors_info=&#8221;{%22gcid-1a2a5199-ee3e-4dd9-b836-e6b8684d5672%22:%91%22top_divider_color%22%93}&#8221; top_divider_color=&#8221;gcid-1a2a5199-ee3e-4dd9-b836-e6b8684d5672&#8243; hover_enabled=&#8221;0&#8243; sticky_enabled=&#8221;0&#8243; custom_padding=&#8221;165px||61px|||&#8221;][et_pb_column type=&#8221;1_2&#8243; theme_builder_area=&#8221;post_content&#8221;][et_pb_text _builder_version=&#8221;4.27.4&#8243; _module_preset=&#8221;default&#8221; theme_builder_area=&#8221;post_content&#8221; hover_enabled=&#8221;0&#8243; sticky_enabled=&#8221;0&#8243; header_2_line_height=&#8221;1.5em&#8221;]<\/p>\n<h2>Els sistemes A-FLOOR disposen dels corresponents certificats, segons el&#8230;<\/h2>\n<h2><strong>NOU CODI T\u00c8CNIC DE L&#8217;EDIFICACI\u00d3<\/strong><\/h2>\n<p>[\/et_pb_text][\/et_pb_column][et_pb_column type=&#8221;1_2&#8243; specialty_columns=&#8221;2&#8243; theme_builder_area=&#8221;post_content&#8221;][et_pb_row_inner _builder_version=&#8221;4.27.4&#8243; _module_preset=&#8221;default&#8221; theme_builder_area=&#8221;post_content&#8221; custom_margin=&#8221;||0px||false|false&#8221; custom_padding=&#8221;||0px||false|false&#8221; hover_enabled=&#8221;0&#8243; sticky_enabled=&#8221;0&#8243;][et_pb_column_inner saved_specialty_column_type=&#8221;1_2&#8243; _builder_version=&#8221;4.27.4&#8243; _module_preset=&#8221;default&#8221; theme_builder_area=&#8221;post_content&#8221;][et_pb_icon font_icon=&#8221;&#x41;||divi||400&#8243; icon_width=&#8221;28px&#8221; align=&#8221;left&#8221; _builder_version=&#8221;4.27.4&#8243; _module_preset=&#8221;default&#8221; custom_margin=&#8221;||9px||false|false&#8221; global_colors_info=&#8221;{}&#8221; locked=&#8221;off&#8221; theme_builder_area=&#8221;post_content&#8221;][\/et_pb_icon][et_pb_text _builder_version=&#8221;4.27.4&#8243; _module_preset=&#8221;default&#8221; header_3_font=&#8221;|600|||||||&#8221; header_3_line_height=&#8221;1.2em&#8221; custom_margin=&#8221;||0px||false|false&#8221; hover_enabled=&#8221;0&#8243; global_colors_info=&#8221;{}&#8221; locked=&#8221;off&#8221; theme_builder_area=&#8221;post_content&#8221; sticky_enabled=&#8221;0&#8243;]<\/p>\n<h3 data-start=\"2795\" data-end=\"2922\">Marcat CE<\/h3>\n<p>[\/et_pb_text][et_pb_text _builder_version=&#8221;4.27.4&#8243; _module_preset=&#8221;default&#8221; hover_enabled=&#8221;0&#8243; global_colors_info=&#8221;{}&#8221; locked=&#8221;off&#8221; theme_builder_area=&#8221;post_content&#8221; sticky_enabled=&#8221;0&#8243;]<\/p>\n<p>(Norma UNE EN 13813 SR, certificat per APPLUS)<\/p>\n<p>[\/et_pb_text][\/et_pb_column_inner][\/et_pb_row_inner][et_pb_row_inner _builder_version=&#8221;4.27.4&#8243; _module_preset=&#8221;default&#8221; theme_builder_area=&#8221;post_content&#8221; column_structure=&#8221;1_2,1_2&#8243;][et_pb_column_inner saved_specialty_column_type=&#8221;1_2&#8243; _builder_version=&#8221;4.27.4&#8243; _module_preset=&#8221;default&#8221; type=&#8221;1_2&#8243; theme_builder_area=&#8221;post_content&#8221;][et_pb_icon font_icon=&#8221;&#x41;||divi||400&#8243; icon_width=&#8221;28px&#8221; align=&#8221;left&#8221; _builder_version=&#8221;4.27.4&#8243; _module_preset=&#8221;default&#8221; custom_margin=&#8221;||9px||false|false&#8221; global_colors_info=&#8221;{}&#8221; locked=&#8221;off&#8221; theme_builder_area=&#8221;post_content&#8221;][\/et_pb_icon][et_pb_text _builder_version=&#8221;4.27.4&#8243; _module_preset=&#8221;default&#8221; header_3_font=&#8221;|600|||||||&#8221; header_3_line_height=&#8221;1.2em&#8221; custom_margin=&#8221;||0px||false|false&#8221; hover_enabled=&#8221;0&#8243; global_colors_info=&#8221;{}&#8221; locked=&#8221;off&#8221; theme_builder_area=&#8221;post_content&#8221; sticky_enabled=&#8221;0&#8243;]<\/p>\n<h3 data-start=\"2795\" data-end=\"2922\">Certificat relliscosa<\/h3>\n<p>[\/et_pb_text][et_pb_text _builder_version=&#8221;4.27.4&#8243; _module_preset=&#8221;default&#8221; hover_enabled=&#8221;0&#8243; global_colors_info=&#8221;{}&#8221; locked=&#8221;off&#8221; theme_builder_area=&#8221;post_content&#8221; sticky_enabled=&#8221;0&#8243;]<\/p>\n<p>Classe 1; Classe 2; Classe 3 (norma UNEIX EN 12633:2003,annex A, certificat per APPLUS)<\/p>\n<p>[\/et_pb_text][\/et_pb_column_inner][et_pb_column_inner saved_specialty_column_type=&#8221;1_2&#8243; _builder_version=&#8221;4.27.4&#8243; _module_preset=&#8221;default&#8221; type=&#8221;1_2&#8243; theme_builder_area=&#8221;post_content&#8221;][et_pb_icon font_icon=&#8221;&#x41;||divi||400&#8243; icon_width=&#8221;28px&#8221; align=&#8221;left&#8221; _builder_version=&#8221;4.27.4&#8243; _module_preset=&#8221;default&#8221; custom_margin=&#8221;||9px||false|false&#8221; global_colors_info=&#8221;{}&#8221; locked=&#8221;off&#8221; theme_builder_area=&#8221;post_content&#8221;][\/et_pb_icon][et_pb_text _builder_version=&#8221;4.27.4&#8243; _module_preset=&#8221;default&#8221; header_3_font=&#8221;|600|||||||&#8221; header_3_line_height=&#8221;1.2em&#8221; custom_margin=&#8221;||0px||false|false&#8221; hover_enabled=&#8221;0&#8243; global_colors_info=&#8221;{}&#8221; locked=&#8221;off&#8221; theme_builder_area=&#8221;post_content&#8221; sticky_enabled=&#8221;0&#8243;]<\/p>\n<h3 data-start=\"2795\" data-end=\"2922\">Certificat de classificaci\u00f3 al foc<\/h3>\n<p>[\/et_pb_text][et_pb_text _builder_version=&#8221;4.27.4&#8243; _module_preset=&#8221;default&#8221; hover_enabled=&#8221;0&#8243; global_colors_info=&#8221;{}&#8221; locked=&#8221;off&#8221; theme_builder_area=&#8221;post_content&#8221; sticky_enabled=&#8221;0&#8243;]<\/p>\n<p>(norma UNEIX EN ISO 11925-2:2002 I UNEIX EN ISO 9239-1:2009, certificat per APPLUS)<\/p>\n<p>[\/et_pb_text][\/et_pb_column_inner][\/et_pb_row_inner][\/et_pb_column][\/et_pb_section][et_pb_section fb_built=&#8221;1&#8243; theme_builder_area=&#8221;post_content&#8221; _builder_version=&#8221;4.27.4&#8243; _module_preset=&#8221;default&#8221; global_colors_info=&#8221;{%22gcid-1a2a5199-ee3e-4dd9-b836-e6b8684d5672%22:%91%22background_color%22%93}&#8221; background_color=&#8221;gcid-1a2a5199-ee3e-4dd9-b836-e6b8684d5672&#8243; hover_enabled=&#8221;0&#8243; sticky_enabled=&#8221;0&#8243;][et_pb_row _builder_version=&#8221;4.27.4&#8243; _module_preset=&#8221;default&#8221; theme_builder_area=&#8221;post_content&#8221;][et_pb_column _builder_version=&#8221;4.27.4&#8243; _module_preset=&#8221;default&#8221; type=&#8221;4_4&#8243; theme_builder_area=&#8221;post_content&#8221;][et_pb_text _builder_version=&#8221;4.27.4&#8243; _module_preset=&#8221;default&#8221; theme_builder_area=&#8221;post_content&#8221; hover_enabled=&#8221;0&#8243; sticky_enabled=&#8221;0&#8243; header_3_line_height=&#8221;1.6em&#8221;]<\/p>\n<h3 style=\"text-align: center;\">Som una empresa compromesa amb els seus clients per oferir-vos un producte de qualitat i una aplicaci\u00f3 professional, sempre a un preu competitiu, per la qual cosa podem donar solucions a les vostres necessitats en paviments.<\/h3>\n<p>[\/et_pb_text][\/et_pb_column][\/et_pb_row][\/et_pb_section][et_pb_section fb_built=&#8221;1&#8243; _builder_version=&#8221;4.27.4&#8243; _module_preset=&#8221;default&#8221; background_enable_color=&#8221;off&#8221; background_enable_pattern_style=&#8221;on&#8221; background_pattern_style=&#8221;honeycomb&#8221; background_pattern_color=&#8221;rgba(0,0,0,0.1)&#8221; custom_padding=&#8221;58px||79px|||&#8221; locked=&#8221;off&#8221; global_colors_info=&#8221;{%22gcid-1a2a5199-ee3e-4dd9-b836-e6b8684d5672%22:%91%22background_color%22%93}&#8221;][et_pb_row column_structure=&#8221;2_3,1_3&#8243; _builder_version=&#8221;4.27.4&#8243; _module_preset=&#8221;default&#8221; custom_margin=&#8221;18px|auto||auto||&#8221; global_colors_info=&#8221;{}&#8221;][et_pb_column type=&#8221;2_3&#8243; _builder_version=&#8221;4.27.4&#8243; _module_preset=&#8221;default&#8221; global_colors_info=&#8221;{}&#8221;][\/et_pb_column][et_pb_column type=&#8221;1_3&#8243; _builder_version=&#8221;4.27.4&#8243; _module_preset=&#8221;default&#8221; global_colors_info=&#8221;{}&#8221;][et_pb_icon font_icon=&#8221;&#xe00a;||divi||400&#8243; icon_width=&#8221;28px&#8221; align=&#8221;left&#8221; _builder_version=&#8221;4.27.4&#8243; _module_preset=&#8221;default&#8221; custom_margin=&#8221;||9px||false|false&#8221; global_colors_info=&#8221;{}&#8221;][\/et_pb_icon][et_pb_divider color=&#8221;rgba(0,0,0,0.28)&#8221; divider_weight=&#8221;1px&#8221; _builder_version=&#8221;4.27.4&#8243; _module_preset=&#8221;default&#8221; custom_margin=&#8221;||-3px|||&#8221; custom_padding=&#8221;|251px|||false|false&#8221; global_colors_info=&#8221;{}&#8221;][\/et_pb_divider][et_pb_text _builder_version=&#8221;4.27.4&#8243; _module_preset=&#8221;default&#8221; header_2_font=&#8221;||||||||&#8221; header_2_line_height=&#8221;1.4em&#8221; custom_margin=&#8221;||2px|||&#8221; custom_padding=&#8221;||0px|||&#8221; global_colors_info=&#8221;{}&#8221;]<\/p>\n<h2>MATERIALS<\/h2>\n<p>[\/et_pb_text][\/et_pb_column][\/et_pb_row][et_pb_row column_structure=&#8221;1_2,1_2&#8243; _builder_version=&#8221;4.27.4&#8243; _module_preset=&#8221;default&#8221; custom_margin=&#8221;16px|auto||auto||&#8221; global_colors_info=&#8221;{}&#8221;][et_pb_column type=&#8221;1_2&#8243; _builder_version=&#8221;4.27.4&#8243; _module_preset=&#8221;default&#8221; global_colors_info=&#8221;{}&#8221;][et_pb_cta title=&#8221;ACR\u00cdLIQUES&#8221; button_text=&#8221;+&#8221; _builder_version=&#8221;4.27.4&#8243; _module_preset=&#8221;default&#8221; background_color=&#8221;gcid-body-color&#8221; min_height=&#8221;410px&#8221; global_colors_info=&#8221;{%22gcid-body-color%22:%91%22background_color%22%93}&#8221;]<\/p>\n<p style=\"text-align: center;\">Bona adher\u00e8ncia sobre formig\u00f3.<\/p>\n<p style=\"text-align: center;\">Bona resist\u00e8ncia a la radiaci\u00f3 solar.<\/p>\n<p style=\"text-align: center;\">Es pot rentar.<\/p>\n<p style=\"text-align: center;\">Bona resist\u00e8ncia a l&#8217;abrasi\u00f3 Resistent a la humitat<\/p>\n<p style=\"text-align: center;\">Antipols<\/p>\n<p style=\"text-align: center;\">R\u00e0pida posada en obra.<\/p>\n<p style=\"text-align: center;\">Menor resist\u00e8ncia mec\u00e0nica i qu\u00edmica que epoxi, metacrilat i poliuret\u00e0.<\/p>\n<p>[\/et_pb_cta][et_pb_cta title=&#8221;EPOXI&#8221; button_text=&#8221;+&#8221; _builder_version=&#8221;4.27.4&#8243; _module_preset=&#8221;default&#8221; background_color=&#8221;gcid-body-color&#8221; min_height=&#8221;324px&#8221; global_colors_info=&#8221;{%22gcid-body-color%22:%91%22background_color%22%93}&#8221;]<\/p>\n<p style=\"text-align: center;\">Resist\u00e8ncia interm\u00e8dia entre epoxi i metacrilat.<\/p>\n<p style=\"text-align: center;\">Pot ser el\u00e0stic i r\u00edgid.<\/p>\n<p style=\"text-align: center;\">Acabat mat, setinat o brillant.<\/p>\n<p style=\"text-align: center;\">Exterior o interior depenent de si \u00e9s alif\u00e0tic o arom\u00e0tic.<\/p>\n<p style=\"text-align: center;\">Es pot aplicar a temperatures baixes.<\/p>\n<p>[\/et_pb_cta][\/et_pb_column][et_pb_column type=&#8221;1_2&#8243; _builder_version=&#8221;4.27.4&#8243; _module_preset=&#8221;default&#8221; global_colors_info=&#8221;{}&#8221;][et_pb_cta title=&#8221;METACRILAT&#8221; button_text=&#8221;+&#8221; _builder_version=&#8221;4.27.4&#8243; _module_preset=&#8221;default&#8221; background_color=&#8221;gcid-body-color&#8221; min_height=&#8221;410px&#8221; global_colors_info=&#8221;{%22gcid-body-color%22:%91%22background_color%22%93}&#8221;]<\/p>\n<p style=\"text-align: center;\">Resistent a \u00e0cids i bases<\/p>\n<p style=\"text-align: center;\">R\u00e0pida execuci\u00f3 i posada en obra.<\/p>\n<p style=\"text-align: center;\">Acabat Satinat.<\/p>\n<p style=\"text-align: center;\">Interior i exterior.<\/p>\n<p style=\"text-align: center;\">M\u00e9s el\u00e0stic que l&#8217;epoxi i el poliuret\u00e0, per\u00f2 menys dur.<\/p>\n<p style=\"text-align: center;\">Es pot aplicar a temperatures negatives.<\/p>\n<p>[\/et_pb_cta][et_pb_cta title=&#8221;POLIURET\u00c0&#8221; button_text=&#8221;+&#8221; _builder_version=&#8221;4.27.4&#8243; _module_preset=&#8221;default&#8221; background_color=&#8221;gcid-body-color&#8221; min_height=&#8221;324px&#8221; global_colors_info=&#8221;{%22gcid-body-color%22:%91%22background_color%22%93}&#8221;]<\/p>\n<p style=\"text-align: center;\">Resistent als dissolvents<\/p>\n<p style=\"text-align: center;\">M\u00e9s r\u00edgid que el metacrilat i el poliuret\u00e0.<\/p>\n<p style=\"text-align: center;\">Acabat brillant i est\u00e8tic. Nom\u00e9s interiors. <\/p>\n<p style=\"text-align: center;\">Temp. Aplicaci\u00f3 +10\u00baC. -36\u00baC.  <\/p>\n<p>[\/et_pb_cta][\/et_pb_column][\/et_pb_row][\/et_pb_section][et_pb_section fb_built=&#8221;1&#8243; _builder_version=&#8221;4.27.4&#8243; _module_preset=&#8221;default&#8221; global_colors_info=&#8221;{}&#8221;][et_pb_row _builder_version=&#8221;4.27.4&#8243; _module_preset=&#8221;default&#8221; global_module=&#8221;318&#8243; global_colors_info=&#8221;{}&#8221;][et_pb_column type=&#8221;4_4&#8243; _builder_version=&#8221;4.27.4&#8243; _module_preset=&#8221;default&#8221; global_colors_info=&#8221;{}&#8221;][et_pb_image src=&#8221;http:\/\/afloor.crearpaginaweb.cat\/wp-content\/uploads\/2026\/03\/CONBANDERA_KITDIGITAL-scaled.png&#8221; title_text=&#8221;CONBANDERA_KITDIGITAL&#8221; align=&#8221;center&#8221; _builder_version=&#8221;4.27.4&#8243; _module_preset=&#8221;default&#8221; width=&#8221;70%&#8221; global_colors_info=&#8221;{}&#8221;][\/et_pb_image][\/et_pb_column][\/et_pb_row][\/et_pb_section]<\/p>\n","protected":false},"excerpt":{"rendered":"<p>PROC\u00c9S DE TREBALL, 1a FASE: PRESCRIPCI\u00d3 I PRODUCTESL&#8217;\u00e8xit d&#8217;un paviment vindr\u00e0 determinat per una prescripci\u00f3 correcta del material i el sistema a aplicar. El nostre equip t\u00e8cnic tindr\u00e0 en compte:Que juntament amb una bona t\u00e8cnica d&#8217;aplicaci\u00f3, un bon control a l&#8217;obra i l&#8217;\u00fas dels materials adequats ens asseguressin un resultat \u00f2ptim.Els sistemes A-FLOOR disposen dels [&hellip;]<\/p>\n","protected":false},"author":3,"featured_media":0,"parent":0,"menu_order":0,"comment_status":"closed","ping_status":"closed","template":"","meta":{"_et_pb_use_builder":"on","_et_pb_old_content":"","_et_gb_content_width":"","footnotes":""},"class_list":["post-997","page","type-page","status-publish","hentry"],"_links":{"self":[{"href":"https:\/\/afloor.crearpaginaweb.cat\/ca\/wp-json\/wp\/v2\/pages\/997","targetHints":{"allow":["GET"]}}],"collection":[{"href":"https:\/\/afloor.crearpaginaweb.cat\/ca\/wp-json\/wp\/v2\/pages"}],"about":[{"href":"https:\/\/afloor.crearpaginaweb.cat\/ca\/wp-json\/wp\/v2\/types\/page"}],"author":[{"embeddable":true,"href":"https:\/\/afloor.crearpaginaweb.cat\/ca\/wp-json\/wp\/v2\/users\/3"}],"replies":[{"embeddable":true,"href":"https:\/\/afloor.crearpaginaweb.cat\/ca\/wp-json\/wp\/v2\/comments?post=997"}],"version-history":[{"count":2,"href":"https:\/\/afloor.crearpaginaweb.cat\/ca\/wp-json\/wp\/v2\/pages\/997\/revisions"}],"predecessor-version":[{"id":999,"href":"https:\/\/afloor.crearpaginaweb.cat\/ca\/wp-json\/wp\/v2\/pages\/997\/revisions\/999"}],"wp:attachment":[{"href":"https:\/\/afloor.crearpaginaweb.cat\/ca\/wp-json\/wp\/v2\/media?parent=997"}],"curies":[{"name":"wp","href":"https:\/\/api.w.org\/{rel}","templated":true}]}}